{"id":11312,"date":"2024-07-31T14:22:20","date_gmt":"2024-07-31T12:22:20","guid":{"rendered":"https:\/\/www.christiani-international.com\/cms\/noticia\/noticias-america-latina\/"},"modified":"2024-07-31T14:22:27","modified_gmt":"2024-07-31T12:22:27","slug":"noticias-america-latina","status":"publish","type":"page","link":"https:\/\/www.christiani-international.com\/cms\/es\/noticia\/noticias-america-latina\/","title":{"rendered":"Noticias Am\u00e9rica Latina"},"content":{"rendered":"<div class=\"fusion-fullwidth fullwidth-box fusion-builder-row-1 gradient-container-1 nonhundred-percent-fullwidth non-hundred-percent-height-scrolling\" style=\"--awb-border-radius-top-left:0px;--awb-border-radius-top-right:0px;--awb-border-radius-bottom-right:0px;--awb-border-radius-bottom-left:0px;--awb-flex-wrap:wrap;\" ><div class=\"fusion-builder-row fusion-row\"><div class=\"fusion-layout-column fusion_builder_column fusion-builder-column-0 fusion_builder_column_1_1 1_1 fusion-one-full fusion-column-first fusion-column-last\" style=\"--awb-bg-size:cover;\"><div class=\"fusion-column-wrapper fusion-column-has-shadow fusion-flex-column-wrapper-legacy\"><div class=\"fusion-title title fusion-title-1 fusion-sep-none fusion-title-text fusion-title-size-one\"><h1 class=\"fusion-title-heading title-heading-left fusion-responsive-typography-calculated\" style=\"margin:0;--fontSize:36;line-height:1.39;\"><strong>Noticias Christiani &#8211; Am\u00e9rica Latina<\/strong><\/h1><\/div><div class=\"fusion-recent-posts fusion-recent-posts-1 avada-container layout-thumbnails-on-side layout-columns-1 posts-block\"><section class=\"fusion-columns columns fusion-columns-1 columns-1\"><article class=\"post fusion-column column col col-lg-12 col-md-12 col-sm-12\"><div class=\"fusion-flexslider fusion-flexslider-loading flexslider floated-slideshow flexslider-hover-type-none\"><ul class=\"slides\"><li><a href=\"https:\/\/www.christiani-international.com\/cms\/es\/blog\/2024\/07\/25\/nuevo-socio-en-latinoamerica-para-christiani\/\" aria-label=\"Nuevo socio en Latinoam\u00e9rica para Christiani\" class=\"hover-type-none\"><img decoding=\"async\" width=\"200\" height=\"105\" src=\"https:\/\/www.christiani-international.com\/cms\/wp-content\/uploads\/2023\/07\/LinkedIn-dedico-1200-x-627-200x105.jpg\" class=\"attachment-fusion-200 size-fusion-200\" alt=\"\" srcset=\"https:\/\/www.christiani-international.com\/cms\/wp-content\/uploads\/2023\/07\/LinkedIn-dedico-1200-x-627-200x105.jpg 200w, https:\/\/www.christiani-international.com\/cms\/wp-content\/uploads\/2023\/07\/LinkedIn-dedico-1200-x-627-300x157.jpg 300w, https:\/\/www.christiani-international.com\/cms\/wp-content\/uploads\/2023\/07\/LinkedIn-dedico-1200-x-627-400x209.jpg 400w, https:\/\/www.christiani-international.com\/cms\/wp-content\/uploads\/2023\/07\/LinkedIn-dedico-1200-x-627-600x314.jpg 600w, https:\/\/www.christiani-international.com\/cms\/wp-content\/uploads\/2023\/07\/LinkedIn-dedico-1200-x-627-768x401.jpg 768w, https:\/\/www.christiani-international.com\/cms\/wp-content\/uploads\/2023\/07\/LinkedIn-dedico-1200-x-627-800x418.jpg 800w, https:\/\/www.christiani-international.com\/cms\/wp-content\/uploads\/2023\/07\/LinkedIn-dedico-1200-x-627-1024x535.jpg 1024w, https:\/\/www.christiani-international.com\/cms\/wp-content\/uploads\/2023\/07\/LinkedIn-dedico-1200-x-627.jpg 1200w\" sizes=\"(max-width: 200px) 100vw, 200px\" \/><\/a><\/li><\/ul><\/div><div class=\"recent-posts-content\"><span class=\"vcard\" style=\"display: none;\"><span class=\"fn\"><\/span><\/span><span class=\"updated\" style=\"display:none;\">2024-07-25T14:31:49+02:00<\/span><h4 class=\"entry-title\"><a href=\"https:\/\/www.christiani-international.com\/cms\/es\/blog\/2024\/07\/25\/nuevo-socio-en-latinoamerica-para-christiani\/\">Nuevo socio en Latinoam\u00e9rica para Christiani<\/a><\/h4><p class=\"meta\"><span class=\"vcard\" style=\"display: none;\"><span class=\"fn\"><\/span><\/span><span class=\"updated\" style=\"display:none;\">2024-07-25T14:31:49+02:00<\/span><\/p><p> Dedico - nuestro nuevo socio en Costa Rica     Dedico, desarrollos did\u00e1cticos de Costa Rica, es<a href=\"https:\/\/www.christiani-international.com\/cms\/es\/blog\/2024\/07\/25\/nuevo-socio-en-latinoamerica-para-christiani\/\"><span class=\"text-black\">[...]<\/span><p class=\"read-more-box text-xs-right\"><a class=\"read-more-btn btn btn-primary text-white button-arrow-right\" href=\"https:\/\/www.christiani-international.com\/cms\/es\/blog\/2024\/07\/25\/nuevo-socio-en-latinoamerica-para-christiani\/\"><span>Read more \u00a0<\/span><\/a><\/p><\/a><\/p><\/div><\/article><article class=\"post fusion-column column col col-lg-12 col-md-12 col-sm-12\"><div class=\"fusion-flexslider fusion-flexslider-loading flexslider floated-slideshow flexslider-hover-type-none\"><ul class=\"slides\"><li><a href=\"https:\/\/www.christiani-international.com\/cms\/es\/blog\/2024\/07\/25\/presentamos-a-nuestro-socio-chileno-payelec-sa\/\" aria-label=\"Presentamos a nuestro socio chileno Payelec SA\" class=\"hover-type-none\"><img decoding=\"async\" width=\"200\" height=\"58\" src=\"https:\/\/www.christiani-international.com\/cms\/wp-content\/uploads\/2020\/09\/LOGO-PAYELEC.jpg\" class=\"attachment-fusion-200 size-fusion-200\" alt=\"\" srcset=\"https:\/\/www.christiani-international.com\/cms\/wp-content\/uploads\/2020\/09\/LOGO-PAYELEC-200x58.jpg 200w, https:\/\/www.christiani-international.com\/cms\/wp-content\/uploads\/2020\/09\/LOGO-PAYELEC-300x87.jpg 300w, https:\/\/www.christiani-international.com\/cms\/wp-content\/uploads\/2020\/09\/LOGO-PAYELEC-400x116.jpg 400w, https:\/\/www.christiani-international.com\/cms\/wp-content\/uploads\/2020\/09\/LOGO-PAYELEC-600x174.jpg 600w, https:\/\/www.christiani-international.com\/cms\/wp-content\/uploads\/2020\/09\/LOGO-PAYELEC-768x223.jpg 768w, https:\/\/www.christiani-international.com\/cms\/wp-content\/uploads\/2020\/09\/LOGO-PAYELEC-800x232.jpg 800w, https:\/\/www.christiani-international.com\/cms\/wp-content\/uploads\/2020\/09\/LOGO-PAYELEC-1024x298.jpg 1024w, https:\/\/www.christiani-international.com\/cms\/wp-content\/uploads\/2020\/09\/LOGO-PAYELEC.jpg 1067w\" sizes=\"(max-width: 200px) 100vw, 200px\" \/><\/a><\/li><\/ul><\/div><div class=\"recent-posts-content\"><span class=\"vcard\" style=\"display: none;\"><span class=\"fn\"><\/span><\/span><span class=\"updated\" style=\"display:none;\">2024-07-25T14:31:47+02:00<\/span><h4 class=\"entry-title\"><a href=\"https:\/\/www.christiani-international.com\/cms\/es\/blog\/2024\/07\/25\/presentamos-a-nuestro-socio-chileno-payelec-sa\/\">Presentamos a nuestro socio chileno Payelec SA<\/a><\/h4><p class=\"meta\"><span class=\"vcard\" style=\"display: none;\"><span class=\"fn\"><\/span><\/span><span class=\"updated\" style=\"display:none;\">2024-07-25T14:31:47+02:00<\/span><\/p><p> Payelec SA \u2013 Educaci\u00f3n y Formaci\u00f3n Profesional Payelec inici\u00f3 sus actividades en 1993 con el objetivo de implementar desarrollos<a href=\"https:\/\/www.christiani-international.com\/cms\/es\/blog\/2024\/07\/25\/presentamos-a-nuestro-socio-chileno-payelec-sa\/\"><span class=\"text-black\">[...]<\/span><p class=\"read-more-box text-xs-right\"><a class=\"read-more-btn btn btn-primary text-white button-arrow-right\" href=\"https:\/\/www.christiani-international.com\/cms\/es\/blog\/2024\/07\/25\/presentamos-a-nuestro-socio-chileno-payelec-sa\/\"><span>Read more \u00a0<\/span><\/a><\/p><\/a><\/p><\/div><\/article><article class=\"post fusion-column column col col-lg-12 col-md-12 col-sm-12\"><div class=\"fusion-flexslider fusion-flexslider-loading flexslider floated-slideshow flexslider-hover-type-none\"><ul class=\"slides\"><li><a href=\"https:\/\/www.christiani-international.com\/cms\/es\/blog\/2024\/07\/25\/equipamiento-de-escuelas-vocacionales-en-chile\/\" aria-label=\"Equipamiento de Escuelas Vocacionales en Chile\" class=\"hover-type-none\"><img decoding=\"async\" width=\"200\" height=\"133\" src=\"https:\/\/www.christiani-international.com\/cms\/wp-content\/uploads\/2020\/09\/Christiani-Training-Stand-Automotive-Technology_1.jpg\" class=\"attachment-fusion-200 size-fusion-200\" alt=\"\" srcset=\"https:\/\/www.christiani-international.com\/cms\/wp-content\/uploads\/2020\/09\/Christiani-Training-Stand-Automotive-Technology_1-200x133.jpg 200w, https:\/\/www.christiani-international.com\/cms\/wp-content\/uploads\/2020\/09\/Christiani-Training-Stand-Automotive-Technology_1-300x200.jpg 300w, https:\/\/www.christiani-international.com\/cms\/wp-content\/uploads\/2020\/09\/Christiani-Training-Stand-Automotive-Technology_1-400x267.jpg 400w, https:\/\/www.christiani-international.com\/cms\/wp-content\/uploads\/2020\/09\/Christiani-Training-Stand-Automotive-Technology_1-600x400.jpg 600w, https:\/\/www.christiani-international.com\/cms\/wp-content\/uploads\/2020\/09\/Christiani-Training-Stand-Automotive-Technology_1-768x512.jpg 768w, https:\/\/www.christiani-international.com\/cms\/wp-content\/uploads\/2020\/09\/Christiani-Training-Stand-Automotive-Technology_1-800x533.jpg 800w, https:\/\/www.christiani-international.com\/cms\/wp-content\/uploads\/2020\/09\/Christiani-Training-Stand-Automotive-Technology_1.jpg 900w\" sizes=\"(max-width: 200px) 100vw, 200px\" \/><\/a><\/li><li><a href=\"https:\/\/www.christiani-international.com\/cms\/es\/blog\/2024\/07\/25\/equipamiento-de-escuelas-vocacionales-en-chile\/\" aria-label=\"Equipamiento de Escuelas Vocacionales en Chile\" class=\"hover-type-none\"><\/a><\/li><li><a href=\"https:\/\/www.christiani-international.com\/cms\/es\/blog\/2024\/07\/25\/equipamiento-de-escuelas-vocacionales-en-chile\/\" aria-label=\"Equipamiento de Escuelas Vocacionales en Chile\" class=\"hover-type-none\"><\/a><\/li><li><a href=\"https:\/\/www.christiani-international.com\/cms\/es\/blog\/2024\/07\/25\/equipamiento-de-escuelas-vocacionales-en-chile\/\" aria-label=\"Equipamiento de Escuelas Vocacionales en Chile\" class=\"hover-type-none\"><\/a><\/li><\/ul><\/div><div class=\"recent-posts-content\"><span class=\"vcard\" style=\"display: none;\"><span class=\"fn\"><\/span><\/span><span class=\"updated\" style=\"display:none;\">2024-07-25T14:31:48+02:00<\/span><h4 class=\"entry-title\"><a href=\"https:\/\/www.christiani-international.com\/cms\/es\/blog\/2024\/07\/25\/equipamiento-de-escuelas-vocacionales-en-chile\/\">Equipamiento de Escuelas Vocacionales en Chile<\/a><\/h4><p class=\"meta\"><span class=\"vcard\" style=\"display: none;\"><span class=\"fn\"><\/span><\/span><span class=\"updated\" style=\"display:none;\">2024-07-25T14:31:48+02:00<\/span><\/p><p> Educaci\u00f3n T\u00e9cnico Profesional en Chile - El Proyecto TP 4.0 El proyecto TP 4.0 es un proyecto del Ministerio<a href=\"https:\/\/www.christiani-international.com\/cms\/es\/blog\/2024\/07\/25\/equipamiento-de-escuelas-vocacionales-en-chile\/\"><span class=\"text-black\">[...]<\/span><p class=\"read-more-box text-xs-right\"><a class=\"read-more-btn btn btn-primary text-white button-arrow-right\" href=\"https:\/\/www.christiani-international.com\/cms\/es\/blog\/2024\/07\/25\/equipamiento-de-escuelas-vocacionales-en-chile\/\"><span>Read more \u00a0<\/span><\/a><\/p><\/a><\/p><\/div><\/article><article class=\"post fusion-column column col col-lg-12 col-md-12 col-sm-12\"><div class=\"fusion-flexslider fusion-flexslider-loading flexslider floated-slideshow flexslider-hover-type-none\"><ul class=\"slides\"><li><a href=\"https:\/\/www.christiani-international.com\/cms\/es\/blog\/2024\/07\/25\/habilitacion-de-capacitadores-en-linea-capacitacion-para-capacitadores-colombianos\/\" aria-label=\"Habilitaci\u00f3n de Capacitadores en L\u00ednea: Capacitaci\u00f3n para Capacitadores Colombianos\" class=\"hover-type-none\"><img decoding=\"async\" width=\"200\" height=\"133\" src=\"https:\/\/www.christiani-international.com\/cms\/wp-content\/uploads\/2021\/03\/online-trainer-qualification-in-colombia-200x133.jpeg\" class=\"attachment-fusion-200 size-fusion-200\" alt=\"\" srcset=\"https:\/\/www.christiani-international.com\/cms\/wp-content\/uploads\/2021\/03\/online-trainer-qualification-in-colombia-200x133.jpeg 200w, https:\/\/www.christiani-international.com\/cms\/wp-content\/uploads\/2021\/03\/online-trainer-qualification-in-colombia-400x267.jpeg 400w, https:\/\/www.christiani-international.com\/cms\/wp-content\/uploads\/2021\/03\/online-trainer-qualification-in-colombia-600x400.jpeg 600w, https:\/\/www.christiani-international.com\/cms\/wp-content\/uploads\/2021\/03\/online-trainer-qualification-in-colombia-800x533.jpeg 800w, https:\/\/www.christiani-international.com\/cms\/wp-content\/uploads\/2021\/03\/online-trainer-qualification-in-colombia-1200x800.jpeg 1200w, https:\/\/www.christiani-international.com\/cms\/wp-content\/uploads\/2021\/03\/online-trainer-qualification-in-colombia-1536x1024.jpeg 1536w\" sizes=\"(max-width: 200px) 100vw, 200px\" \/><\/a><\/li><\/ul><\/div><div class=\"recent-posts-content\"><span class=\"vcard\" style=\"display: none;\"><span class=\"fn\"><\/span><\/span><span class=\"updated\" style=\"display:none;\">2024-07-25T14:31:48+02:00<\/span><h4 class=\"entry-title\"><a href=\"https:\/\/www.christiani-international.com\/cms\/es\/blog\/2024\/07\/25\/habilitacion-de-capacitadores-en-linea-capacitacion-para-capacitadores-colombianos\/\">Habilitaci\u00f3n de Capacitadores en L\u00ednea: Capacitaci\u00f3n para Capacitadores Colombianos<\/a><\/h4><p class=\"meta\"><span class=\"vcard\" style=\"display: none;\"><span class=\"fn\"><\/span><\/span><span class=\"updated\" style=\"display:none;\">2024-07-25T14:31:48+02:00<\/span><\/p><p> M\u00e1s de 1.500 participantes de ocho pa\u00edses diferentes de Am\u00e9rica Latina ya han completado con \u00e9xito el curso a<a href=\"https:\/\/www.christiani-international.com\/cms\/es\/blog\/2024\/07\/25\/habilitacion-de-capacitadores-en-linea-capacitacion-para-capacitadores-colombianos\/\"><span class=\"text-black\">[...]<\/span><p class=\"read-more-box text-xs-right\"><a class=\"read-more-btn btn btn-primary text-white button-arrow-right\" href=\"https:\/\/www.christiani-international.com\/cms\/es\/blog\/2024\/07\/25\/habilitacion-de-capacitadores-en-linea-capacitacion-para-capacitadores-colombianos\/\"><span>Read more \u00a0<\/span><\/a><\/p><\/a><\/p><\/div><\/article><article class=\"post fusion-column column col col-lg-12 col-md-12 col-sm-12\"><div class=\"fusion-flexslider fusion-flexslider-loading flexslider floated-slideshow flexslider-hover-type-none\"><ul class=\"slides\"><li><a href=\"https:\/\/www.christiani-international.com\/cms\/es\/blog\/2024\/07\/25\/casos-de-formacion-para-estudiantes-chilenos\/\" aria-label=\"Casos de formaci\u00f3n para estudiantes chilenos\" class=\"hover-type-none\"><img decoding=\"async\" width=\"200\" height=\"90\" src=\"https:\/\/www.christiani-international.com\/cms\/wp-content\/uploads\/2023\/07\/IMG-20230601-WA0011-200x90.jpg\" class=\"attachment-fusion-200 size-fusion-200\" alt=\"\" srcset=\"https:\/\/www.christiani-international.com\/cms\/wp-content\/uploads\/2023\/07\/IMG-20230601-WA0011-200x90.jpg 200w, https:\/\/www.christiani-international.com\/cms\/wp-content\/uploads\/2023\/07\/IMG-20230601-WA0011-300x135.jpg 300w, https:\/\/www.christiani-international.com\/cms\/wp-content\/uploads\/2023\/07\/IMG-20230601-WA0011-400x180.jpg 400w, https:\/\/www.christiani-international.com\/cms\/wp-content\/uploads\/2023\/07\/IMG-20230601-WA0011-600x270.jpg 600w, https:\/\/www.christiani-international.com\/cms\/wp-content\/uploads\/2023\/07\/IMG-20230601-WA0011-768x346.jpg 768w, https:\/\/www.christiani-international.com\/cms\/wp-content\/uploads\/2023\/07\/IMG-20230601-WA0011-800x360.jpg 800w, https:\/\/www.christiani-international.com\/cms\/wp-content\/uploads\/2023\/07\/IMG-20230601-WA0011-1024x461.jpg 1024w, https:\/\/www.christiani-international.com\/cms\/wp-content\/uploads\/2023\/07\/IMG-20230601-WA0011-1200x540.jpg 1200w, https:\/\/www.christiani-international.com\/cms\/wp-content\/uploads\/2023\/07\/IMG-20230601-WA0011-1536x691.jpg 1536w, https:\/\/www.christiani-international.com\/cms\/wp-content\/uploads\/2023\/07\/IMG-20230601-WA0011.jpg 1600w\" sizes=\"(max-width: 200px) 100vw, 200px\" \/><\/a><\/li><\/ul><\/div><div class=\"recent-posts-content\"><span class=\"vcard\" style=\"display: none;\"><span class=\"fn\"><a href=\"https:\/\/www.christiani-international.com\/cms\/es\/blog\/author\/fietz\/\" title=\"Entradas de Volker Fietz\" rel=\"author\">Volker Fietz<\/a><\/span><\/span><span class=\"updated\" style=\"display:none;\">2024-07-25T14:31:50+02:00<\/span><h4 class=\"entry-title\"><a href=\"https:\/\/www.christiani-international.com\/cms\/es\/blog\/2024\/07\/25\/casos-de-formacion-para-estudiantes-chilenos\/\">Casos de formaci\u00f3n para estudiantes chilenos<\/a><\/h4><p class=\"meta\"><span class=\"vcard\" style=\"display: none;\"><span class=\"fn\"><a href=\"https:\/\/www.christiani-international.com\/cms\/es\/blog\/author\/fietz\/\" title=\"Entradas de Volker Fietz\" rel=\"author\">Volker Fietz<\/a><\/span><\/span><span class=\"updated\" style=\"display:none;\">2024-07-25T14:31:50+02:00<\/span><\/p><p> Casos de formaci\u00f3n llenos de experimentos sobre energ\u00edas renovables  Payelec, representante de Christiani, triunfa en Chile  <a href=\"https:\/\/www.christiani-international.com\/cms\/es\/blog\/2024\/07\/25\/casos-de-formacion-para-estudiantes-chilenos\/\"><span class=\"text-black\">[...]<\/span><p class=\"read-more-box text-xs-right\"><a class=\"read-more-btn btn btn-primary text-white button-arrow-right\" href=\"https:\/\/www.christiani-international.com\/cms\/es\/blog\/2024\/07\/25\/casos-de-formacion-para-estudiantes-chilenos\/\"><span>Read more \u00a0<\/span><\/a><\/p><\/a><\/p><\/div><\/article><\/section><\/div><div class=\"fusion-clearfix\"><\/div><\/div><\/div><\/div><\/div>\n","protected":false},"excerpt":{"rendered":"","protected":false},"author":1,"featured_media":0,"parent":11272,"menu_order":0,"comment_status":"closed","ping_status":"closed","template":"","meta":{"inline_featured_image":false,"footnotes":""},"class_list":["post-11312","page","type-page","status-publish","hentry"],"yoast_head":"<!-- This site is optimized with the Yoast SEO plugin v23.3 - https:\/\/yoast.com\/wordpress\/plugins\/seo\/ -->\n<title>Noticias Am\u00e9rica Latina<\/title>\n<meta name=\"robots\" content=\"index, follow, max-snippet:-1, max-image-preview:large, max-video-preview:-1\" \/>\n<link rel=\"canonical\" href=\"https:\/\/www.christiani-international.com\/cms\/es\/noticia\/noticias-america-latina\/\" \/>\n<meta property=\"og:locale\" content=\"es_ES\" \/>\n<meta property=\"og:type\" content=\"article\" \/>\n<meta property=\"og:title\" content=\"Noticias Am\u00e9rica Latina\" \/>\n<meta property=\"og:url\" content=\"https:\/\/www.christiani-international.com\/cms\/es\/noticia\/noticias-america-latina\/\" \/>\n<meta property=\"og:site_name\" content=\"Christiani International\" \/>\n<meta property=\"article:modified_time\" content=\"2024-07-31T12:22:27+00:00\" \/>\n<meta name=\"twitter:card\" content=\"summary_large_image\" \/>\n<meta name=\"twitter:label1\" content=\"Tiempo de lectura\" \/>\n\t<meta name=\"twitter:data1\" content=\"2 minutos\" \/>\n<script type=\"application\/ld+json\" class=\"yoast-schema-graph\">{\"@context\":\"https:\/\/schema.org\",\"@graph\":[{\"@type\":\"WebPage\",\"@id\":\"https:\/\/www.christiani-international.com\/cms\/es\/noticia\/noticias-america-latina\/\",\"url\":\"https:\/\/www.christiani-international.com\/cms\/es\/noticia\/noticias-america-latina\/\",\"name\":\"Noticias Am\u00e9rica Latina\",\"isPartOf\":{\"@id\":\"https:\/\/www.christiani-international.com\/cms\/#website\"},\"datePublished\":\"2024-07-31T12:22:20+00:00\",\"dateModified\":\"2024-07-31T12:22:27+00:00\",\"breadcrumb\":{\"@id\":\"https:\/\/www.christiani-international.com\/cms\/es\/noticia\/noticias-america-latina\/#breadcrumb\"},\"inLanguage\":\"es\",\"potentialAction\":[{\"@type\":\"ReadAction\",\"target\":[\"https:\/\/www.christiani-international.com\/cms\/es\/noticia\/noticias-america-latina\/\"]}]},{\"@type\":\"BreadcrumbList\",\"@id\":\"https:\/\/www.christiani-international.com\/cms\/es\/noticia\/noticias-america-latina\/#breadcrumb\",\"itemListElement\":[{\"@type\":\"ListItem\",\"position\":1,\"name\":\"christiani-international.com\",\"item\":\"https:\/\/www.christiani-international.com\/\"},{\"@type\":\"ListItem\",\"position\":2,\"name\":\"Casos de formaci\u00f3n para estudiantes chilenos\"}]},{\"@type\":\"WebSite\",\"@id\":\"https:\/\/www.christiani-international.com\/cms\/#website\",\"url\":\"https:\/\/www.christiani-international.com\/cms\/\",\"name\":\"Christiani International\",\"description\":\"Eine weitere WordPress-Website\",\"potentialAction\":[{\"@type\":\"SearchAction\",\"target\":{\"@type\":\"EntryPoint\",\"urlTemplate\":\"https:\/\/www.christiani-international.com\/cms\/?s={search_term_string}\"},\"query-input\":\"required name=search_term_string\"}],\"inLanguage\":\"es\"}]}<\/script>\n<!-- \/ Yoast SEO plugin. -->","yoast_head_json":{"title":"Noticias Am\u00e9rica Latina","robots":{"index":"index","follow":"follow","max-snippet":"max-snippet:-1","max-image-preview":"max-image-preview:large","max-video-preview":"max-video-preview:-1"},"canonical":"https:\/\/www.christiani-international.com\/cms\/es\/noticia\/noticias-america-latina\/","og_locale":"es_ES","og_type":"article","og_title":"Noticias Am\u00e9rica Latina","og_url":"https:\/\/www.christiani-international.com\/cms\/es\/noticia\/noticias-america-latina\/","og_site_name":"Christiani International","article_modified_time":"2024-07-31T12:22:27+00:00","twitter_card":"summary_large_image","twitter_misc":{"Tiempo de lectura":"2 minutos"},"schema":{"@context":"https:\/\/schema.org","@graph":[{"@type":"WebPage","@id":"https:\/\/www.christiani-international.com\/cms\/es\/noticia\/noticias-america-latina\/","url":"https:\/\/www.christiani-international.com\/cms\/es\/noticia\/noticias-america-latina\/","name":"Noticias Am\u00e9rica Latina","isPartOf":{"@id":"https:\/\/www.christiani-international.com\/cms\/#website"},"datePublished":"2024-07-31T12:22:20+00:00","dateModified":"2024-07-31T12:22:27+00:00","breadcrumb":{"@id":"https:\/\/www.christiani-international.com\/cms\/es\/noticia\/noticias-america-latina\/#breadcrumb"},"inLanguage":"es","potentialAction":[{"@type":"ReadAction","target":["https:\/\/www.christiani-international.com\/cms\/es\/noticia\/noticias-america-latina\/"]}]},{"@type":"BreadcrumbList","@id":"https:\/\/www.christiani-international.com\/cms\/es\/noticia\/noticias-america-latina\/#breadcrumb","itemListElement":[{"@type":"ListItem","position":1,"name":"christiani-international.com","item":"https:\/\/www.christiani-international.com\/"},{"@type":"ListItem","position":2,"name":"Casos de formaci\u00f3n para estudiantes chilenos"}]},{"@type":"WebSite","@id":"https:\/\/www.christiani-international.com\/cms\/#website","url":"https:\/\/www.christiani-international.com\/cms\/","name":"Christiani International","description":"Eine weitere WordPress-Website","potentialAction":[{"@type":"SearchAction","target":{"@type":"EntryPoint","urlTemplate":"https:\/\/www.christiani-international.com\/cms\/?s={search_term_string}"},"query-input":"required name=search_term_string"}],"inLanguage":"es"}]}},"_links":{"self":[{"href":"https:\/\/www.christiani-international.com\/cms\/es\/wp-json\/wp\/v2\/pages\/11312","targetHints":{"allow":["GET"]}}],"collection":[{"href":"https:\/\/www.christiani-international.com\/cms\/es\/wp-json\/wp\/v2\/pages"}],"about":[{"href":"https:\/\/www.christiani-international.com\/cms\/es\/wp-json\/wp\/v2\/types\/page"}],"author":[{"embeddable":true,"href":"https:\/\/www.christiani-international.com\/cms\/es\/wp-json\/wp\/v2\/users\/1"}],"replies":[{"embeddable":true,"href":"https:\/\/www.christiani-international.com\/cms\/es\/wp-json\/wp\/v2\/comments?post=11312"}],"version-history":[{"count":10,"href":"https:\/\/www.christiani-international.com\/cms\/es\/wp-json\/wp\/v2\/pages\/11312\/revisions"}],"predecessor-version":[{"id":11329,"href":"https:\/\/www.christiani-international.com\/cms\/es\/wp-json\/wp\/v2\/pages\/11312\/revisions\/11329"}],"up":[{"embeddable":true,"href":"https:\/\/www.christiani-international.com\/cms\/es\/wp-json\/wp\/v2\/pages\/11272"}],"wp:attachment":[{"href":"https:\/\/www.christiani-international.com\/cms\/es\/wp-json\/wp\/v2\/media?parent=11312"}],"curies":[{"name":"wp","href":"https:\/\/api.w.org\/{rel}","templated":true}]}}