{"id":11243,"date":"2024-07-31T14:04:21","date_gmt":"2024-07-31T12:04:21","guid":{"rendered":"https:\/\/www.christiani-international.com\/cms\/capacitacion-tecnica-de-christiani-sharpline-cstt\/"},"modified":"2024-07-31T14:04:25","modified_gmt":"2024-07-31T12:04:25","slug":"capacitacion-tecnica-de-christiani-sharpline-cstt","status":"publish","type":"page","link":"https:\/\/www.christiani-international.com\/cms\/es\/capacitacion-tecnica-de-christiani-sharpline-cstt\/","title":{"rendered":"Capacitaci\u00f3n t\u00e9cnica de Christiani Sharpline (CSTT)"},"content":{"rendered":"<p><div class=\"fusion-fullwidth fullwidth-box fusion-builder-row-1 gradient-container-1 nonhundred-percent-fullwidth non-hundred-percent-height-scrolling\" style=\"--awb-border-radius-top-left:0px;--awb-border-radius-top-right:0px;--awb-border-radius-bottom-right:0px;--awb-border-radius-bottom-left:0px;--awb-flex-wrap:wrap;\" ><div class=\"fusion-builder-row fusion-row\"><div class=\"fusion-layout-column fusion_builder_column fusion-builder-column-0 fusion_builder_column_1_1 1_1 fusion-one-full fusion-column-first fusion-column-last\" style=\"--awb-bg-size:cover;--awb-margin-bottom:0px;\"><div class=\"fusion-column-wrapper fusion-column-has-shadow fusion-flex-column-wrapper-legacy\"><div class=\"fusion-image-element fusion-image-align-center in-legacy-container\" style=\"text-align:center;--awb-caption-title-font-family:var(--h2_typography-font-family);--awb-caption-title-font-weight:var(--h2_typography-font-weight);--awb-caption-title-font-style:var(--h2_typography-font-style);--awb-caption-title-size:var(--h2_typography-font-size);--awb-caption-title-transform:var(--h2_typography-text-transform);--awb-caption-title-line-height:var(--h2_typography-line-height);--awb-caption-title-letter-spacing:var(--h2_typography-letter-spacing);\"><div class=\"imageframe-align-center\"><span class=\" fusion-imageframe imageframe-none imageframe-1 hover-type-none\"><img decoding=\"async\" width=\"1100\" height=\"400\" title=\"Collage CSTT Landingpage\" src=\"https:\/\/www.christiani-international.com\/cms\/wp-content\/uploads\/2020\/10\/Collage-CSTT-Landingpage.jpg\" alt class=\"img-responsive wp-image-6266\" srcset=\"https:\/\/www.christiani-international.com\/cms\/wp-content\/uploads\/2020\/10\/Collage-CSTT-Landingpage-200x73.jpg 200w, https:\/\/www.christiani-international.com\/cms\/wp-content\/uploads\/2020\/10\/Collage-CSTT-Landingpage-400x145.jpg 400w, https:\/\/www.christiani-international.com\/cms\/wp-content\/uploads\/2020\/10\/Collage-CSTT-Landingpage-600x218.jpg 600w, https:\/\/www.christiani-international.com\/cms\/wp-content\/uploads\/2020\/10\/Collage-CSTT-Landingpage-800x291.jpg 800w, https:\/\/www.christiani-international.com\/cms\/wp-content\/uploads\/2020\/10\/Collage-CSTT-Landingpage.jpg 1100w\" sizes=\"(max-width: 800px) 100vw, 1100px\" \/><\/span><\/div><\/div><div class=\"fusion-clearfix\"><\/div><\/div><\/div><\/div><\/div><div class=\"fusion-fullwidth fullwidth-box fusion-builder-row-2 has-pattern-background has-mask-background gradient-container-2 nonhundred-percent-fullwidth non-hundred-percent-height-scrolling\" style=\"--awb-border-radius-top-left:0px;--awb-border-radius-top-right:0px;--awb-border-radius-bottom-right:0px;--awb-border-radius-bottom-left:0px;--awb-margin-top:50px;--awb-flex-wrap:wrap;\" ><div class=\"fusion-builder-row fusion-row\"><div class=\"fusion-layout-column fusion_builder_column fusion-builder-column-1 fusion_builder_column_1_1 1_1 fusion-one-full fusion-column-first fusion-column-last\" style=\"--awb-bg-size:cover;\"><div class=\"fusion-column-wrapper fusion-column-has-shadow fusion-flex-column-wrapper-legacy\"><div class=\"fusion-title title fusion-title-1 fusion-title-text fusion-title-size-one\"><h1 class=\"fusion-title-heading title-heading-left fusion-responsive-typography-calculated\" style=\"margin:0;--fontSize:36;line-height:1.39;\">Bienvenido a la capacitaci\u00f3n t\u00e9cnica de Christiani Sharpline<\/h1><span class=\"awb-title-spacer\"><\/span><div class=\"title-sep-container\"><div class=\"title-sep sep-double sep-solid\" style=\"border-color:#e0dede;\"><\/div><\/div><\/div><div class=\"fusion-text fusion-text-1\"><p>Christiani Sharpline Entrenamiento T\u00e9cnico Pvt. Ltd. (CSTT) es una empresa conjunta indo-alemana entre Christiani (Alemania) y Sharpline Automation (India), ubicada en Navi Mumbai.<br \/>\nLa empresa conjunta se estableci\u00f3 en 2008 con el objetivo de proporcionar productos y soluciones de capacitaci\u00f3n t\u00e9cnica de clase mundial para la capacitaci\u00f3n t\u00e9cnica en el mercado indio.<br \/>\nLa idea fundamental de la empresa conjunta era satisfacer la creciente necesidad de la industria india de trabajadores t\u00e9cnicamente calificados y capacitados.<\/p>\n<\/div><div class=\"fusion-clearfix\"><\/div><\/div><\/div><\/div><\/div><div class=\"fusion-fullwidth fullwidth-box fusion-builder-row-3 has-pattern-background has-mask-background gradient-container-3 nonhundred-percent-fullwidth non-hundred-percent-height-scrolling\" style=\"--awb-border-radius-top-left:0px;--awb-border-radius-top-right:0px;--awb-border-radius-bottom-right:0px;--awb-border-radius-bottom-left:0px;--awb-margin-top:20px;--awb-flex-wrap:wrap;\" ><div class=\"fusion-builder-row fusion-row\"><div class=\"fusion-layout-column fusion_builder_column fusion-builder-column-2 fusion_builder_column_1_3 1_3 fusion-one-third fusion-column-first\" style=\"--awb-bg-size:cover;width:33.333333333333%;width:calc(33.333333333333% - ( ( 4% ) * 0.33333333333333 ) );margin-right: 4%;\"><div class=\"fusion-column-wrapper fusion-column-has-shadow fusion-flex-column-wrapper-legacy\"><div class=\"fusion-image-element in-legacy-container\" style=\"--awb-caption-title-font-family:var(--h2_typography-font-family);--awb-caption-title-font-weight:var(--h2_typography-font-weight);--awb-caption-title-font-style:var(--h2_typography-font-style);--awb-caption-title-size:var(--h2_typography-font-size);--awb-caption-title-transform:var(--h2_typography-text-transform);--awb-caption-title-line-height:var(--h2_typography-line-height);--awb-caption-title-letter-spacing:var(--h2_typography-letter-spacing);\"><span class=\" fusion-imageframe imageframe-none imageframe-2 hover-type-none\"><img decoding=\"async\" title=\"Logotipo de CSTT\" src=\"https:\/\/www.christiani-international.com\/cms\/wp-content\/uploads\/2020\/09\/CSTT-Logo_2020-09-21.jpg-400x288.jpg\" alt class=\"img-responsive wp-image-12078\"\/><\/span><\/div><div class=\"fusion-clearfix\"><\/div><\/div><\/div><div class=\"fusion-layout-column fusion_builder_column fusion-builder-column-3 fusion_builder_column_2_3 2_3 fusion-two-third fusion-column-last\" style=\"--awb-bg-size:cover;width:66.666666666667%;width:calc(66.666666666667% - ( ( 4% ) * 0.66666666666667 ) );\"><div class=\"fusion-column-wrapper fusion-column-has-shadow fusion-flex-column-wrapper-legacy\"><div class=\"fusion-text fusion-text-2\"><p>CSTT tiene como objetivo llenar los vac\u00edos en la educaci\u00f3n industrial y t\u00e9cnica a trav\u00e9s de programas de capacitaci\u00f3n especialmente dise\u00f1ados y productos de mejora de competencias.<br \/>\nLa gama de productos de CSTT abarca equipos de formaci\u00f3n y conceptos did\u00e1cticos en los campos de la industria 4.0, la tecnolog\u00eda de automatizaci\u00f3n, la electr\u00f3nica, la mecatr\u00f3nica, la mec\u00e1nica, la tecnolog\u00eda de la automoci\u00f3n y las energ\u00edas renovables.<br \/>\nCSTT significa hardware de \u00faltima generaci\u00f3n y did\u00e1ctica integral para instructores y aprendices de una sola fuente.<\/p>\n<\/div><div class=\"fusion-clearfix\"><\/div><\/div><\/div><\/div><\/div><div class=\"fusion-fullwidth fullwidth-box fusion-builder-row-4 has-pattern-background has-mask-background gradient-container-4 nonhundred-percent-fullwidth non-hundred-percent-height-scrolling\" style=\"--awb-border-radius-top-left:0px;--awb-border-radius-top-right:0px;--awb-border-radius-bottom-right:0px;--awb-border-radius-bottom-left:0px;--awb-margin-top:20px;--awb-flex-wrap:wrap;\" ><div class=\"fusion-builder-row fusion-row\"><div class=\"fusion-layout-column fusion_builder_column fusion-builder-column-4 fusion_builder_column_1_1 1_1 fusion-one-full fusion-column-first fusion-column-last\" style=\"--awb-bg-size:cover;\"><div class=\"fusion-column-wrapper fusion-column-has-shadow fusion-flex-column-wrapper-legacy\"><div class=\"fusion-title title fusion-title-2 fusion-title-text fusion-title-size-two\"><h2 class=\"fusion-title-heading title-heading-left fusion-responsive-typography-calculated\" style=\"margin:0;--fontSize:22;line-height:1.41;\">Conceptos de laboratorio de formaci\u00f3n t\u00e9cnica personalizados<\/h2><span class=\"awb-title-spacer\"><\/span><div class=\"title-sep-container\"><div class=\"title-sep sep-double sep-solid\" style=\"border-color:#e0dede;\"><\/div><\/div><\/div><div class=\"fusion-text fusion-text-3\"><p>En todos los campos de actividad mencionados anteriormente, CSTT tambi\u00e9n ofrece laboratorios completos de formaci\u00f3n t\u00e9cnica para empresas e instituciones educativas.<br \/>\nAcompa\u00f1amos a nuestros clientes durante todas las etapas del proceso de planificaci\u00f3n e implementaci\u00f3n hasta que podemos proporcionar una soluci\u00f3n llave en mano.<\/p>\n<\/div><div class=\"fusion-clearfix\"><\/div><\/div><\/div><div class=\"fusion-layout-column fusion_builder_column fusion-builder-column-5 fusion_builder_column_1_1 1_1 fusion-one-full fusion-column-first fusion-column-last\" style=\"--awb-bg-size:cover;\"><div class=\"fusion-column-wrapper fusion-column-has-shadow fusion-flex-column-wrapper-legacy\"><div class=\"fusion-title title fusion-title-3 fusion-title-text fusion-title-size-two\"><h2 class=\"fusion-title-heading title-heading-left fusion-responsive-typography-calculated\" style=\"margin:0;--fontSize:22;line-height:1.41;\">Productos para escuelas<\/h2><span class=\"awb-title-spacer\"><\/span><div class=\"title-sep-container\"><div class=\"title-sep sep-double sep-solid\" style=\"border-color:#e0dede;\"><\/div><\/div><\/div><div class=\"fusion-text fusion-text-4\"><p>CSTT est\u00e1 asociada con fischertechnik GmbH, que es uno de los principales productores de sistemas de aprendizaje educativo en el segmento K-12.<br \/>\nLos productos de fischertechnik se pueden utilizar perfectamente para ense\u00f1ar STEM (Ciencia, Tecnolog\u00eda, Ingenier\u00eda y Matem\u00e1ticas) en las escuelas.<br \/>\nCSTT tambi\u00e9n ofrece productos totales y soluciones de laboratorio para la f\u00edsica.<\/p>\n<\/div><div class=\"fusion-clearfix\"><\/div><\/div><\/div><div class=\"fusion-layout-column fusion_builder_column fusion-builder-column-6 fusion_builder_column_1_1 1_1 fusion-one-full fusion-column-first fusion-column-last\" style=\"--awb-bg-size:cover;\"><div class=\"fusion-column-wrapper fusion-column-has-shadow fusion-flex-column-wrapper-legacy\"><div class=\"fusion-title title fusion-title-4 fusion-title-text fusion-title-size-two\"><h2 class=\"fusion-title-heading title-heading-left fusion-responsive-typography-calculated\" style=\"margin:0;--fontSize:22;line-height:1.41;\">Proveedor autorizado de servicios de formaci\u00f3n de SIEMENS<\/h2><span class=\"awb-title-spacer\"><\/span><div class=\"title-sep-container\"><div class=\"title-sep sep-double sep-solid\" style=\"border-color:#e0dede;\"><\/div><\/div><\/div><div class=\"fusion-text fusion-text-5\"><p>CSTT tambi\u00e9n es un proveedor autorizado de servicios de formaci\u00f3n de Siemens para la formaci\u00f3n en CNC y automatizaci\u00f3n.<br \/>\nEl centro de capacitaci\u00f3n de \u00faltima generaci\u00f3n ofrece cursos de capacitaci\u00f3n para mejorar las habilidades orientadas al trabajo en CNC, PLC, mecatr\u00f3nica y tecnolog\u00eda de automatizaci\u00f3n.<\/p>\n<\/div><div class=\"fusion-clearfix\"><\/div><\/div><\/div><div class=\"fusion-layout-column fusion_builder_column fusion-builder-column-7 fusion_builder_column_1_1 1_1 fusion-one-full fusion-column-first fusion-column-last\" style=\"--awb-bg-size:cover;\"><div class=\"fusion-column-wrapper fusion-column-has-shadow fusion-flex-column-wrapper-legacy\"><div class=\"fusion-title title fusion-title-5 fusion-title-text fusion-title-size-two\"><h2 class=\"fusion-title-heading title-heading-left fusion-responsive-typography-calculated\" style=\"margin:0;--fontSize:22;line-height:1.41;\">Centros de formaci\u00f3n en Mumbai, Chennai y Pune<\/h2><span class=\"awb-title-spacer\"><\/span><div class=\"title-sep-container\"><div class=\"title-sep sep-double sep-solid\" style=\"border-color:#e0dede;\"><\/div><\/div><\/div><div class=\"fusion-text fusion-text-6\" style=\"--awb-text-transform:none;\"><p>Adem\u00e1s de la sede central de Mumbai, CSTT tambi\u00e9n cuenta con un centro de capacitaci\u00f3n de \u00faltima generaci\u00f3n en su oficina de Chennai y un centro de capacitaci\u00f3n para socios en Pune.<br \/>\nLos siguientes programas de formaci\u00f3n se llevan a cabo regularmente:   <\/p>\n<ul>\n<li>Mecatr\u00f3nica<\/li>\n<li>Programaci\u00f3n de PLC (S7 \u2013 200\/ S7 \u2013 300\/ S7 \u2013 400\/ S7 \u2013 1200\/ S7 \u2013 1500)<\/li>\n<li>HMI y SCADA<\/li>\n<li>DCS<\/li>\n<li>Tecnolog\u00eda de variadores de frecuencia<\/li>\n<li>Programaci\u00f3n y operaciones CNC<\/li>\n<li>Mantenimiento y puesta en marcha CNC<\/li>\n<li>Mantenimiento y puesta en marcha de ascensores<\/li>\n<\/ul>\n<\/div><div class=\"fusion-clearfix\"><\/div><\/div><\/div><\/div><\/div><div class=\"fusion-fullwidth fullwidth-box fusion-builder-row-5 has-pattern-background has-mask-background gradient-container-5 nonhundred-percent-fullwidth non-hundred-percent-height-scrolling\" style=\"--awb-border-radius-top-left:0px;--awb-border-radius-top-right:0px;--awb-border-radius-bottom-right:0px;--awb-border-radius-bottom-left:0px;--awb-margin-top:20px;--awb-flex-wrap:wrap;\" ><div class=\"fusion-builder-row fusion-row\"><div class=\"fusion-layout-column fusion_builder_column fusion-builder-column-8 fusion_builder_column_1_2 1_2 fusion-one-half fusion-column-first\" style=\"--awb-bg-size:cover;width:50%;width:calc(50% - ( ( 4% ) * 0.5 ) );margin-right: 4%;\"><div class=\"fusion-column-wrapper fusion-column-has-shadow fusion-flex-column-wrapper-legacy\"><div class=\"fusion-title title fusion-title-6 fusion-title-text fusion-title-size-three\"><h3 class=\"fusion-title-heading title-heading-left fusion-responsive-typography-calculated\" style=\"margin:0;--fontSize:16;--minFontSize:16;line-height:1.44;\">Contacto<\/h3><span class=\"awb-title-spacer\"><\/span><div class=\"title-sep-container\"><div class=\"title-sep sep-double sep-solid\" style=\"border-color:#e0dede;\"><\/div><\/div><\/div><div class=\"fusion-text fusion-text-7\"><p><strong>Christiani Sharpline Formaci\u00f3n T\u00e9cnica Pvt. Ltd.<\/strong><\/p>\n<\/div><div class=\"fusion-text fusion-text-8\"><p>Parcela # 19, TTC Industrial Area, Vishnu Nagar, Digha, Navi Mumbai &#8211; 400 708 <strong>Sr. Mohan S. Iyer<\/strong><strong>Tel\u00e9fono:<\/strong> +91 &#8211; 22 &#8211; 68358909 <strong>E-mail:<\/strong> mohan@sharplinegroup.com <strong>M\u00f3vil:<\/strong> +91 \u2013 9769665333<\/p>\n<\/div><div class=\"fusion-clearfix\"><\/div><\/div><\/div><div class=\"fusion-layout-column fusion_builder_column fusion-builder-column-9 fusion_builder_column_1_2 1_2 fusion-one-half fusion-column-last\" style=\"--awb-bg-size:cover;width:50%;width:calc(50% - ( ( 4% ) * 0.5 ) );\"><div class=\"fusion-column-wrapper fusion-column-has-shadow fusion-flex-column-wrapper-legacy\"><div class=\"fusion-title title fusion-title-7 fusion-title-text fusion-title-size-three\"><h3 class=\"fusion-title-heading title-heading-left fusion-responsive-typography-calculated\" style=\"margin:0;--fontSize:16;--minFontSize:16;line-height:1.44;\">S\u00edguenos:<\/h3><span class=\"awb-title-spacer\"><\/span><div class=\"title-sep-container\"><div class=\"title-sep sep-double sep-solid\" style=\"border-color:#e0dede;\"><\/div><\/div><\/div><div class=\"fusion-image-element in-legacy-container\" style=\"--awb-caption-title-font-family:var(--h2_typography-font-family);--awb-caption-title-font-weight:var(--h2_typography-font-weight);--awb-caption-title-font-style:var(--h2_typography-font-style);--awb-caption-title-size:var(--h2_typography-font-size);--awb-caption-title-transform:var(--h2_typography-text-transform);--awb-caption-title-line-height:var(--h2_typography-line-height);--awb-caption-title-letter-spacing:var(--h2_typography-letter-spacing);\"><span class=\" fusion-imageframe imageframe-none imageframe-3 hover-type-none\"><a class=\"fusion-no-lightbox\" href=\"https:\/\/www.linkedin.com\/company\/christiani-sharpline-technical-training-cstt-\/\" target=\"_blank\" aria-label=\"LinkedIn_logo\" rel=\"noopener noreferrer\"><img decoding=\"async\" width=\"121\" height=\"96\" src=\"https:\/\/www.christiani-international.com\/cms\/wp-content\/uploads\/2020\/10\/LinkedIn_logo.jpg\" alt class=\"img-responsive wp-image-6425\"\/><\/a><\/span><\/div><div class=\"fusion-clearfix\"><\/div><\/div><\/div><\/div><\/div><div class=\"fusion-fullwidth fullwidth-box fusion-builder-row-6 fusion-flex-container has-pattern-background has-mask-background gradient-container-6 nonhundred-percent-fullwidth non-hundred-percent-height-scrolling\" style=\"--awb-border-radius-top-left:0px;--awb-border-radius-top-right:0px;--awb-border-radius-bottom-right:0px;--awb-border-radius-bottom-left:0px;--awb-flex-wrap:wrap;\" ><div class=\"fusion-builder-row fusion-row fusion-flex-align-items-flex-start fusion-flex-content-wrap\" style=\"max-width:1216.8px;margin-left: calc(-4% \/ 2 );margin-right: calc(-4% \/ 2 );\"><div class=\"fusion-layout-column fusion_builder_column fusion-builder-column-10 fusion_builder_column_1_1 1_1 fusion-flex-column\" style=\"--awb-bg-size:cover;--awb-width-large:100%;--awb-margin-top-large:0px;--awb-spacing-right-large:1.92%;--awb-margin-bottom-large:20px;--awb-spacing-left-large:1.92%;--awb-width-medium:100%;--awb-order-medium:0;--awb-spacing-right-medium:1.92%;--awb-spacing-left-medium:1.92%;--awb-width-small:100%;--awb-order-small:0;--awb-spacing-right-small:1.92%;--awb-spacing-left-small:1.92%;\"><div class=\"fusion-column-wrapper fusion-column-has-shadow fusion-flex-justify-content-flex-start fusion-content-layout-column\"><div class=\"fusion-title title fusion-title-8 fusion-title-text fusion-title-size-two\"><div class=\"title-sep-container title-sep-container-left fusion-no-large-visibility fusion-no-medium-visibility fusion-no-small-visibility\"><div class=\"title-sep sep-double sep-solid\" style=\"border-color:#e0dede;\"><\/div><\/div><span class=\"awb-title-spacer fusion-no-large-visibility fusion-no-medium-visibility fusion-no-small-visibility\"><\/span><h2 class=\"fusion-title-heading title-heading-left fusion-responsive-typography-calculated\" style=\"margin:0;--fontSize:22;line-height:1.41;\">CSTT en el Didac India 2023<\/h2><span class=\"awb-title-spacer\"><\/span><div class=\"title-sep-container title-sep-container-right\"><div class=\"title-sep sep-double sep-solid\" style=\"border-color:#e0dede;\"><\/div><\/div><\/div><div class=\"fusion-image-element \" style=\"--awb-caption-title-font-family:var(--h2_typography-font-family);--awb-caption-title-font-weight:var(--h2_typography-font-weight);--awb-caption-title-font-style:var(--h2_typography-font-style);--awb-caption-title-size:var(--h2_typography-font-size);--awb-caption-title-transform:var(--h2_typography-text-transform);--awb-caption-title-line-height:var(--h2_typography-line-height);--awb-caption-title-letter-spacing:var(--h2_typography-letter-spacing);\"><span class=\" fusion-imageframe imageframe-none imageframe-4 hover-type-none\"><img decoding=\"async\" width=\"1024\" height=\"576\" title=\"MicrosoftTeams-image (12)\" src=\"https:\/\/www.christiani-international.com\/cms\/wp-content\/uploads\/2024\/03\/MicrosoftTeams-image-12.jpg\" alt class=\"img-responsive wp-image-10163\" srcset=\"https:\/\/www.christiani-international.com\/cms\/wp-content\/uploads\/2024\/03\/MicrosoftTeams-image-12-200x113.jpg 200w, https:\/\/www.christiani-international.com\/cms\/wp-content\/uploads\/2024\/03\/MicrosoftTeams-image-12-400x225.jpg 400w, https:\/\/www.christiani-international.com\/cms\/wp-content\/uploads\/2024\/03\/MicrosoftTeams-image-12-600x338.jpg 600w, https:\/\/www.christiani-international.com\/cms\/wp-content\/uploads\/2024\/03\/MicrosoftTeams-image-12-800x450.jpg 800w, https:\/\/www.christiani-international.com\/cms\/wp-content\/uploads\/2024\/03\/MicrosoftTeams-image-12.jpg 1024w\" sizes=\"(max-width: 1024px) 100vw, (max-width: 640px) 100vw, 1024px\" \/><\/span><\/div><\/div><\/div><\/div><\/div><\/p>\n","protected":false},"excerpt":{"rendered":"","protected":false},"author":4,"featured_media":0,"parent":0,"menu_order":0,"comment_status":"closed","ping_status":"closed","template":"","meta":{"inline_featured_image":false,"footnotes":""},"class_list":["post-11243","page","type-page","status-publish","hentry"],"yoast_head":"<!-- This site is optimized with the Yoast SEO plugin v23.3 - https:\/\/yoast.com\/wordpress\/plugins\/seo\/ -->\n<title>Capacitaci\u00f3n t\u00e9cnica de Christiani Sharpline (CSTT) - Christiani International<\/title>\n<meta name=\"robots\" content=\"index, follow, max-snippet:-1, max-image-preview:large, max-video-preview:-1\" \/>\n<link rel=\"canonical\" href=\"https:\/\/www.christiani-international.com\/cms\/es\/capacitacion-tecnica-de-christiani-sharpline-cstt\/\" \/>\n<meta property=\"og:locale\" content=\"es_ES\" \/>\n<meta property=\"og:type\" content=\"article\" \/>\n<meta property=\"og:title\" content=\"Capacitaci\u00f3n t\u00e9cnica de Christiani Sharpline (CSTT) - Christiani International\" \/>\n<meta property=\"og:url\" content=\"https:\/\/www.christiani-international.com\/cms\/es\/capacitacion-tecnica-de-christiani-sharpline-cstt\/\" \/>\n<meta property=\"og:site_name\" content=\"Christiani International\" \/>\n<meta property=\"article:modified_time\" content=\"2024-07-31T12:04:25+00:00\" \/>\n<meta name=\"twitter:card\" content=\"summary_large_image\" \/>\n<meta name=\"twitter:label1\" content=\"Tiempo de lectura\" \/>\n\t<meta name=\"twitter:data1\" content=\"37 minutos\" \/>\n<script type=\"application\/ld+json\" class=\"yoast-schema-graph\">{\"@context\":\"https:\/\/schema.org\",\"@graph\":[{\"@type\":\"WebPage\",\"@id\":\"https:\/\/www.christiani-international.com\/cms\/es\/capacitacion-tecnica-de-christiani-sharpline-cstt\/\",\"url\":\"https:\/\/www.christiani-international.com\/cms\/es\/capacitacion-tecnica-de-christiani-sharpline-cstt\/\",\"name\":\"Capacitaci\u00f3n t\u00e9cnica de Christiani Sharpline (CSTT) - Christiani International\",\"isPartOf\":{\"@id\":\"https:\/\/www.christiani-international.com\/cms\/#website\"},\"datePublished\":\"2024-07-31T12:04:21+00:00\",\"dateModified\":\"2024-07-31T12:04:25+00:00\",\"breadcrumb\":{\"@id\":\"https:\/\/www.christiani-international.com\/cms\/es\/capacitacion-tecnica-de-christiani-sharpline-cstt\/#breadcrumb\"},\"inLanguage\":\"es\",\"potentialAction\":[{\"@type\":\"ReadAction\",\"target\":[\"https:\/\/www.christiani-international.com\/cms\/es\/capacitacion-tecnica-de-christiani-sharpline-cstt\/\"]}]},{\"@type\":\"BreadcrumbList\",\"@id\":\"https:\/\/www.christiani-international.com\/cms\/es\/capacitacion-tecnica-de-christiani-sharpline-cstt\/#breadcrumb\",\"itemListElement\":[{\"@type\":\"ListItem\",\"position\":1,\"name\":\"christiani-international.com\",\"item\":\"https:\/\/www.christiani-international.com\/\"},{\"@type\":\"ListItem\",\"position\":2,\"name\":\"Capacitaci\u00f3n t\u00e9cnica de Christiani Sharpline (CSTT)\"}]},{\"@type\":\"WebSite\",\"@id\":\"https:\/\/www.christiani-international.com\/cms\/#website\",\"url\":\"https:\/\/www.christiani-international.com\/cms\/\",\"name\":\"Christiani International\",\"description\":\"Eine weitere WordPress-Website\",\"potentialAction\":[{\"@type\":\"SearchAction\",\"target\":{\"@type\":\"EntryPoint\",\"urlTemplate\":\"https:\/\/www.christiani-international.com\/cms\/?s={search_term_string}\"},\"query-input\":\"required name=search_term_string\"}],\"inLanguage\":\"es\"}]}<\/script>\n<!-- \/ Yoast SEO plugin. -->","yoast_head_json":{"title":"Capacitaci\u00f3n t\u00e9cnica de Christiani Sharpline (CSTT) - Christiani International","robots":{"index":"index","follow":"follow","max-snippet":"max-snippet:-1","max-image-preview":"max-image-preview:large","max-video-preview":"max-video-preview:-1"},"canonical":"https:\/\/www.christiani-international.com\/cms\/es\/capacitacion-tecnica-de-christiani-sharpline-cstt\/","og_locale":"es_ES","og_type":"article","og_title":"Capacitaci\u00f3n t\u00e9cnica de Christiani Sharpline (CSTT) - Christiani International","og_url":"https:\/\/www.christiani-international.com\/cms\/es\/capacitacion-tecnica-de-christiani-sharpline-cstt\/","og_site_name":"Christiani International","article_modified_time":"2024-07-31T12:04:25+00:00","twitter_card":"summary_large_image","twitter_misc":{"Tiempo de lectura":"37 minutos"},"schema":{"@context":"https:\/\/schema.org","@graph":[{"@type":"WebPage","@id":"https:\/\/www.christiani-international.com\/cms\/es\/capacitacion-tecnica-de-christiani-sharpline-cstt\/","url":"https:\/\/www.christiani-international.com\/cms\/es\/capacitacion-tecnica-de-christiani-sharpline-cstt\/","name":"Capacitaci\u00f3n t\u00e9cnica de Christiani Sharpline (CSTT) - Christiani International","isPartOf":{"@id":"https:\/\/www.christiani-international.com\/cms\/#website"},"datePublished":"2024-07-31T12:04:21+00:00","dateModified":"2024-07-31T12:04:25+00:00","breadcrumb":{"@id":"https:\/\/www.christiani-international.com\/cms\/es\/capacitacion-tecnica-de-christiani-sharpline-cstt\/#breadcrumb"},"inLanguage":"es","potentialAction":[{"@type":"ReadAction","target":["https:\/\/www.christiani-international.com\/cms\/es\/capacitacion-tecnica-de-christiani-sharpline-cstt\/"]}]},{"@type":"BreadcrumbList","@id":"https:\/\/www.christiani-international.com\/cms\/es\/capacitacion-tecnica-de-christiani-sharpline-cstt\/#breadcrumb","itemListElement":[{"@type":"ListItem","position":1,"name":"christiani-international.com","item":"https:\/\/www.christiani-international.com\/"},{"@type":"ListItem","position":2,"name":"Capacitaci\u00f3n t\u00e9cnica de Christiani Sharpline (CSTT)"}]},{"@type":"WebSite","@id":"https:\/\/www.christiani-international.com\/cms\/#website","url":"https:\/\/www.christiani-international.com\/cms\/","name":"Christiani International","description":"Eine weitere WordPress-Website","potentialAction":[{"@type":"SearchAction","target":{"@type":"EntryPoint","urlTemplate":"https:\/\/www.christiani-international.com\/cms\/?s={search_term_string}"},"query-input":"required name=search_term_string"}],"inLanguage":"es"}]}},"_links":{"self":[{"href":"https:\/\/www.christiani-international.com\/cms\/es\/wp-json\/wp\/v2\/pages\/11243","targetHints":{"allow":["GET"]}}],"collection":[{"href":"https:\/\/www.christiani-international.com\/cms\/es\/wp-json\/wp\/v2\/pages"}],"about":[{"href":"https:\/\/www.christiani-international.com\/cms\/es\/wp-json\/wp\/v2\/types\/page"}],"author":[{"embeddable":true,"href":"https:\/\/www.christiani-international.com\/cms\/es\/wp-json\/wp\/v2\/users\/4"}],"replies":[{"embeddable":true,"href":"https:\/\/www.christiani-international.com\/cms\/es\/wp-json\/wp\/v2\/comments?post=11243"}],"version-history":[{"count":3,"href":"https:\/\/www.christiani-international.com\/cms\/es\/wp-json\/wp\/v2\/pages\/11243\/revisions"}],"predecessor-version":[{"id":11248,"href":"https:\/\/www.christiani-international.com\/cms\/es\/wp-json\/wp\/v2\/pages\/11243\/revisions\/11248"}],"wp:attachment":[{"href":"https:\/\/www.christiani-international.com\/cms\/es\/wp-json\/wp\/v2\/media?parent=11243"}],"curies":[{"name":"wp","href":"https:\/\/api.w.org\/{rel}","templated":true}]}}