{"id":11179,"date":"2024-07-31T14:04:07","date_gmt":"2024-07-31T12:04:07","guid":{"rendered":"https:\/\/www.christiani-international.com\/cms\/aprendizajes-en-linea\/"},"modified":"2024-07-31T14:04:09","modified_gmt":"2024-07-31T12:04:09","slug":"aprendizajes-en-linea","status":"publish","type":"page","link":"https:\/\/www.christiani-international.com\/cms\/es\/aprendizajes-en-linea\/","title":{"rendered":"Aprendizajes en l\u00ednea"},"content":{"rendered":"<p><div class=\"fusion-fullwidth fullwidth-box fusion-builder-row-1 fusion-flex-container gradient-container-1 nonhundred-percent-fullwidth non-hundred-percent-height-scrolling\" style=\"--awb-border-radius-top-left:0px;--awb-border-radius-top-right:0px;--awb-border-radius-bottom-right:0px;--awb-border-radius-bottom-left:0px;--awb-flex-wrap:wrap;\" ><div class=\"fusion-builder-row fusion-row fusion-flex-align-items-flex-start fusion-flex-content-wrap\" style=\"max-width:1216.8px;margin-left: calc(-4% \/ 2 );margin-right: calc(-4% \/ 2 );\"><div class=\"fusion-layout-column fusion_builder_column fusion-builder-column-0 fusion_builder_column_1_1 1_1 fusion-flex-column\" style=\"--awb-bg-size:cover;--awb-width-large:100%;--awb-margin-top-large:0px;--awb-spacing-right-large:1.92%;--awb-margin-bottom-large:20px;--awb-spacing-left-large:1.92%;--awb-width-medium:100%;--awb-order-medium:0;--awb-spacing-right-medium:1.92%;--awb-spacing-left-medium:1.92%;--awb-width-small:100%;--awb-order-small:0;--awb-spacing-right-small:1.92%;--awb-spacing-left-small:1.92%;\"><div class=\"fusion-column-wrapper fusion-column-has-shadow fusion-flex-justify-content-flex-start fusion-content-layout-column\"><div class=\"fusion-image-element \" style=\"--awb-caption-title-font-family:var(--h2_typography-font-family);--awb-caption-title-font-weight:var(--h2_typography-font-weight);--awb-caption-title-font-style:var(--h2_typography-font-style);--awb-caption-title-size:var(--h2_typography-font-size);--awb-caption-title-transform:var(--h2_typography-text-transform);--awb-caption-title-line-height:var(--h2_typography-line-height);--awb-caption-title-letter-spacing:var(--h2_typography-letter-spacing);\"><span class=\" fusion-imageframe imageframe-none imageframe-1 hover-type-none\"><img decoding=\"async\" width=\"1170\" height=\"428\" title=\"WBT_Landingpage\" src=\"https:\/\/www.christiani-international.com\/cms\/wp-content\/uploads\/2021\/01\/WBT_Landingpage.jpg\" alt class=\"img-responsive wp-image-6573\" srcset=\"https:\/\/www.christiani-international.com\/cms\/wp-content\/uploads\/2021\/01\/WBT_Landingpage-200x73.jpg 200w, https:\/\/www.christiani-international.com\/cms\/wp-content\/uploads\/2021\/01\/WBT_Landingpage-400x146.jpg 400w, https:\/\/www.christiani-international.com\/cms\/wp-content\/uploads\/2021\/01\/WBT_Landingpage-600x219.jpg 600w, https:\/\/www.christiani-international.com\/cms\/wp-content\/uploads\/2021\/01\/WBT_Landingpage-800x293.jpg 800w, https:\/\/www.christiani-international.com\/cms\/wp-content\/uploads\/2021\/01\/WBT_Landingpage.jpg 1170w\" sizes=\"(max-width: 1024px) 100vw, (max-width: 640px) 100vw, 1170px\" \/><\/span><\/div><div class=\"fusion-text fusion-text-1\"><h1><strong>Cursos de e-learning de Christiani<\/strong><\/h1>\n<p>  Los cursos de e-learning de Christiani son programas de aprendizaje interactivos que se imparten a trav\u00e9s de Internet y permiten la comunicaci\u00f3n y la cooperaci\u00f3n basadas en el ordenador entre los participantes, los alumnos y los formadores.<br \/>\nEl objetivo principal de nuestros cursos de e-learning es transmitir la teor\u00eda t\u00e9cnica requerida a los alumnos utilizando un concepto coherente, que tambi\u00e9n ofrezca m\u00e1s independencia y libertad.   <strong>Beneficios<\/strong><\/p>\n<ul>\n<li>Soluci\u00f3n flexible para la carretera, en el trabajo, en la escuela o en casa<\/li>\n<li>Aprendizaje aut\u00f3nomo e individual<\/li>\n<li>El contenido de aprendizaje se complementa continuamente<\/li>\n<\/ul>\n<p><strong>\u00bfQui\u00e9n utiliza los cursos de E-Learning y d\u00f3nde se utilizan?<\/strong>  Los cursos de e-learning son adecuados para todos los aprendices en el campo profesional de la tecnolog\u00eda del metal y la tecnolog\u00eda automotriz, as\u00ed como para trabajadores no profesionales y calificados.<br \/>\nFueron desarrollados para su uso en grandes, medianas y peque\u00f1as empresas y escuelas de formaci\u00f3n profesional.<br \/>\nEn las escuelas de formaci\u00f3n profesional, los m\u00f3dulos se pueden utilizar tanto en la pr\u00e1ctica t\u00e9cnica como en la teor\u00eda.<br \/>\nSus contenidos est\u00e1n coordinados de forma \u00f3ptima y, dependiendo del m\u00f3dulo, se pueden utilizar en el primer, segundo o ambos a\u00f1os de aprendizaje.     <\/p>\n<h2><strong>Nuestros cursos de e-learning<\/strong><\/h2>\n<p>  A continuaci\u00f3n, puede echar un vistazo detallado a nuestra amplia gama de cursos de e-learning para los campos de la tecnolog\u00eda del metal y la tecnolog\u00eda automotriz.<\/p>\n<\/div><\/div><\/div><\/div><\/div><div class=\"fusion-fullwidth fullwidth-box fusion-builder-row-2 fusion-flex-container gradient-container-2 nonhundred-percent-fullwidth non-hundred-percent-height-scrolling\" style=\"--awb-border-radius-top-left:0px;--awb-border-radius-top-right:0px;--awb-border-radius-bottom-right:0px;--awb-border-radius-bottom-left:0px;--awb-flex-wrap:wrap;\" ><div class=\"fusion-builder-row fusion-row fusion-flex-align-items-flex-start fusion-flex-content-wrap\" style=\"max-width:1216.8px;margin-left: calc(-4% \/ 2 );margin-right: calc(-4% \/ 2 );\"><div class=\"fusion-layout-column fusion_builder_column fusion-builder-column-1 fusion_builder_column_1_2 1_2 fusion-flex-column\" style=\"--awb-bg-size:cover;--awb-width-large:50%;--awb-margin-top-large:0px;--awb-spacing-right-large:3.84%;--awb-margin-bottom-large:20px;--awb-spacing-left-large:3.84%;--awb-width-medium:100%;--awb-order-medium:0;--awb-spacing-right-medium:1.92%;--awb-spacing-left-medium:1.92%;--awb-width-small:100%;--awb-order-small:0;--awb-spacing-right-small:1.92%;--awb-spacing-left-small:1.92%;\"><div class=\"fusion-column-wrapper fusion-column-has-shadow fusion-flex-justify-content-flex-start fusion-content-layout-column\"><div class=\"fusion-text fusion-text-2\"><div class=\"product-block\">\n<p class=\"product-block-image\" style=\"background-color: #fff; width: 100%; padding: 30px;\"><a href=\"https:\/\/www.christiani-international.com\/cms\/e-learnings-metal-technology\/\"><img decoding=\"async\" class=\"aligncenter wp-image-6581 size-medium\" src=\"https:\/\/www.christiani-international.com\/cms\/wp-content\/uploads\/2021\/01\/wbt-metall_900x600-300x200.jpg\" alt=\"\" width=\"300\" height=\"200\" srcset=\"https:\/\/www.christiani-international.com\/cms\/wp-content\/uploads\/2021\/01\/wbt-metall_900x600-200x133.jpg 200w, https:\/\/www.christiani-international.com\/cms\/wp-content\/uploads\/2021\/01\/wbt-metall_900x600-300x200.jpg 300w, https:\/\/www.christiani-international.com\/cms\/wp-content\/uploads\/2021\/01\/wbt-metall_900x600-400x267.jpg 400w, https:\/\/www.christiani-international.com\/cms\/wp-content\/uploads\/2021\/01\/wbt-metall_900x600-600x400.jpg 600w, https:\/\/www.christiani-international.com\/cms\/wp-content\/uploads\/2021\/01\/wbt-metall_900x600-768x512.jpg 768w, https:\/\/www.christiani-international.com\/cms\/wp-content\/uploads\/2021\/01\/wbt-metall_900x600-800x533.jpg 800w, https:\/\/www.christiani-international.com\/cms\/wp-content\/uploads\/2021\/01\/wbt-metall_900x600.jpg 900w\" sizes=\"(max-width: 300px) 100vw, 300px\" \/><\/a><\/p>\n<p class=\"product-block-title\">Curso E-Learning Tecnolog\u00eda Met\u00e1lica<\/p>\n<p class=\"custom-blue-button\"><a href=\"https:\/\/www.christiani-international.com\/cms\/e-learnings-metal-technology\/\"><a href=\"https:\/\/www.christiani-international.com\/cms\/e-learnings-metal-technology\/\">Para m\u00e1s informaci\u00f3n<\/a><i class=\"fa fa-arrow-right\" aria-hidden=\"true\"><\/i><\/a><\/p>\n<\/div>\n<\/div><\/div><\/div><div class=\"fusion-layout-column fusion_builder_column fusion-builder-column-2 fusion_builder_column_1_2 1_2 fusion-flex-column\" style=\"--awb-bg-size:cover;--awb-width-large:50%;--awb-margin-top-large:0px;--awb-spacing-right-large:3.84%;--awb-margin-bottom-large:20px;--awb-spacing-left-large:3.84%;--awb-width-medium:100%;--awb-order-medium:0;--awb-spacing-right-medium:1.92%;--awb-spacing-left-medium:1.92%;--awb-width-small:100%;--awb-order-small:0;--awb-spacing-right-small:1.92%;--awb-spacing-left-small:1.92%;\"><div class=\"fusion-column-wrapper fusion-column-has-shadow fusion-flex-justify-content-flex-start fusion-content-layout-column\"><div class=\"fusion-text fusion-text-3\"><div class=\"product-block\">\n<p class=\"product-block-image\" style=\"background-color: #fff; width: 100%; padding: 30px;\"><a href=\"https:\/\/www.christiani-international.com\/cms\/e-learnings-automotive-technology\/\"><img decoding=\"async\" class=\"aligncenter wp-image-6578 size-medium\" src=\"https:\/\/www.christiani-international.com\/cms\/wp-content\/uploads\/2021\/01\/wbt-kfz_900x600-300x200.jpg\" alt=\"\" width=\"300\" height=\"200\" srcset=\"https:\/\/www.christiani-international.com\/cms\/wp-content\/uploads\/2021\/01\/wbt-kfz_900x600-200x133.jpg 200w, https:\/\/www.christiani-international.com\/cms\/wp-content\/uploads\/2021\/01\/wbt-kfz_900x600-300x200.jpg 300w, https:\/\/www.christiani-international.com\/cms\/wp-content\/uploads\/2021\/01\/wbt-kfz_900x600-400x267.jpg 400w, https:\/\/www.christiani-international.com\/cms\/wp-content\/uploads\/2021\/01\/wbt-kfz_900x600-600x400.jpg 600w, https:\/\/www.christiani-international.com\/cms\/wp-content\/uploads\/2021\/01\/wbt-kfz_900x600-768x512.jpg 768w, https:\/\/www.christiani-international.com\/cms\/wp-content\/uploads\/2021\/01\/wbt-kfz_900x600-800x533.jpg 800w, https:\/\/www.christiani-international.com\/cms\/wp-content\/uploads\/2021\/01\/wbt-kfz_900x600.jpg 900w\" sizes=\"(max-width: 300px) 100vw, 300px\" \/><\/a><\/p>\n<p class=\"product-block-title\">Curso E-Learning Tecnolog\u00eda Automotriz<\/p>\n<p class=\"custom-blue-button\"><a href=\"https:\/\/www.christiani-international.com\/cms\/e-learnings-automotive-technology\/\"><a href=\"https:\/\/www.christiani-international.com\/cms\/e-learnings-automotive-technology\/\">Para m\u00e1s informaci\u00f3n<\/a><i class=\"fa fa-arrow-right\" aria-hidden=\"true\"><\/i><\/a><\/p>\n<\/div>\n<\/div><\/div><\/div><\/div><\/div><div class=\"fusion-fullwidth fullwidth-box fusion-builder-row-3 full-width-adviser-block no-padding-xs gradient-container-3 nonhundred-percent-fullwidth non-hundred-percent-height-scrolling fusion-equal-height-columns\" style=\"--awb-border-radius-top-left:0px;--awb-border-radius-top-right:0px;--awb-border-radius-bottom-right:0px;--awb-border-radius-bottom-left:0px;--awb-padding-top:25px;--awb-padding-right:25px;--awb-padding-bottom:25px;--awb-padding-left:25px;--awb-margin-bottom:35px;--awb-background-color:#e4e4e4;--awb-flex-wrap:wrap;\" ><div class=\"fusion-builder-row fusion-row\"><div class=\"fusion-layout-column fusion_builder_column fusion-builder-column-3 fusion_builder_column_1_1 1_1 fusion-one-full fusion-column-first fusion-column-last\" style=\"--awb-bg-size:cover;\"><div class=\"fusion-column-wrapper fusion-column-has-shadow fusion-flex-column-wrapper-legacy\"><div class=\"fusion-text fusion-text-4\"><p><strong>\u00bfTienes m\u00e1s preguntas?<\/strong>  Estaremos encantados de asesorarle sobre la soluci\u00f3n m\u00e1s adecuada para su empresa o instituci\u00f3n educativa.  <strong><a href=\"https:\/\/www.christiani-international.com\/cms\/service\/\"><a href=\"https:\/\/www.christiani-international.com\/cms\/service\/\">\u00a1Cont\u00e1ctenos!<\/a><\/a><\/strong><\/p>\n<\/div><div class=\"fusion-clearfix\"><\/div><\/div><\/div><\/div><\/div><\/p>\n","protected":false},"excerpt":{"rendered":"","protected":false},"author":4,"featured_media":0,"parent":0,"menu_order":0,"comment_status":"closed","ping_status":"closed","template":"","meta":{"inline_featured_image":false,"footnotes":""},"class_list":["post-11179","page","type-page","status-publish","hentry"],"yoast_head":"<!-- This site is optimized with the Yoast SEO plugin v23.3 - https:\/\/yoast.com\/wordpress\/plugins\/seo\/ -->\n<title>E-Learnings - Aprendizaje Digital e Interactivo | Christiani<\/title>\n<meta name=\"description\" content=\"Los e-learnings son programas de aprendizaje interactivos que ayudan a transmitir la teor\u00eda t\u00e9cnica utilizando un concepto consistente.\" \/>\n<meta name=\"robots\" content=\"index, follow, max-snippet:-1, max-image-preview:large, max-video-preview:-1\" \/>\n<link rel=\"canonical\" href=\"https:\/\/www.christiani-international.com\/cms\/es\/aprendizajes-en-linea\/\" \/>\n<meta property=\"og:locale\" content=\"es_ES\" \/>\n<meta property=\"og:type\" content=\"article\" \/>\n<meta property=\"og:title\" content=\"E-Learnings - Aprendizaje Digital e Interactivo | Christiani\" \/>\n<meta property=\"og:description\" content=\"Los e-learnings son programas de aprendizaje interactivos que ayudan a transmitir la teor\u00eda t\u00e9cnica utilizando un concepto consistente.\" \/>\n<meta property=\"og:url\" content=\"https:\/\/www.christiani-international.com\/cms\/es\/aprendizajes-en-linea\/\" \/>\n<meta property=\"og:site_name\" content=\"Christiani International\" \/>\n<meta property=\"article:modified_time\" content=\"2024-07-31T12:04:09+00:00\" \/>\n<meta property=\"og:image\" content=\"https:\/\/www.christiani-international.com\/cms\/wp-content\/uploads\/2021\/01\/wbt-metall_900x600-300x200.jpg\" \/>\n<meta name=\"twitter:card\" content=\"summary_large_image\" \/>\n<meta name=\"twitter:label1\" content=\"Tiempo de lectura\" \/>\n\t<meta name=\"twitter:data1\" content=\"13 minutos\" \/>\n<script type=\"application\/ld+json\" class=\"yoast-schema-graph\">{\"@context\":\"https:\/\/schema.org\",\"@graph\":[{\"@type\":\"WebPage\",\"@id\":\"https:\/\/www.christiani-international.com\/cms\/es\/aprendizajes-en-linea\/\",\"url\":\"https:\/\/www.christiani-international.com\/cms\/es\/aprendizajes-en-linea\/\",\"name\":\"E-Learnings - Aprendizaje Digital e Interactivo | Christiani\",\"isPartOf\":{\"@id\":\"https:\/\/www.christiani-international.com\/cms\/#website\"},\"primaryImageOfPage\":{\"@id\":\"https:\/\/www.christiani-international.com\/cms\/es\/aprendizajes-en-linea\/#primaryimage\"},\"image\":{\"@id\":\"https:\/\/www.christiani-international.com\/cms\/es\/aprendizajes-en-linea\/#primaryimage\"},\"thumbnailUrl\":\"https:\/\/www.christiani-international.com\/cms\/wp-content\/uploads\/2021\/01\/wbt-metall_900x600-300x200.jpg\",\"datePublished\":\"2024-07-31T12:04:07+00:00\",\"dateModified\":\"2024-07-31T12:04:09+00:00\",\"description\":\"Los e-learnings son programas de aprendizaje interactivos que ayudan a transmitir la teor\u00eda t\u00e9cnica utilizando un concepto consistente.\",\"breadcrumb\":{\"@id\":\"https:\/\/www.christiani-international.com\/cms\/es\/aprendizajes-en-linea\/#breadcrumb\"},\"inLanguage\":\"es\",\"potentialAction\":[{\"@type\":\"ReadAction\",\"target\":[\"https:\/\/www.christiani-international.com\/cms\/es\/aprendizajes-en-linea\/\"]}]},{\"@type\":\"ImageObject\",\"inLanguage\":\"es\",\"@id\":\"https:\/\/www.christiani-international.com\/cms\/es\/aprendizajes-en-linea\/#primaryimage\",\"url\":\"https:\/\/www.christiani-international.com\/cms\/wp-content\/uploads\/2021\/01\/wbt-metall_900x600-300x200.jpg\",\"contentUrl\":\"https:\/\/www.christiani-international.com\/cms\/wp-content\/uploads\/2021\/01\/wbt-metall_900x600-300x200.jpg\"},{\"@type\":\"BreadcrumbList\",\"@id\":\"https:\/\/www.christiani-international.com\/cms\/es\/aprendizajes-en-linea\/#breadcrumb\",\"itemListElement\":[{\"@type\":\"ListItem\",\"position\":1,\"name\":\"christiani-international.com\",\"item\":\"https:\/\/www.christiani-international.com\/\"},{\"@type\":\"ListItem\",\"position\":2,\"name\":\"Aprendizajes en l\u00ednea\"}]},{\"@type\":\"WebSite\",\"@id\":\"https:\/\/www.christiani-international.com\/cms\/#website\",\"url\":\"https:\/\/www.christiani-international.com\/cms\/\",\"name\":\"Christiani International\",\"description\":\"Eine weitere WordPress-Website\",\"potentialAction\":[{\"@type\":\"SearchAction\",\"target\":{\"@type\":\"EntryPoint\",\"urlTemplate\":\"https:\/\/www.christiani-international.com\/cms\/?s={search_term_string}\"},\"query-input\":\"required name=search_term_string\"}],\"inLanguage\":\"es\"}]}<\/script>\n<!-- \/ Yoast SEO plugin. -->","yoast_head_json":{"title":"E-Learnings - Aprendizaje Digital e Interactivo | Christiani","description":"Los e-learnings son programas de aprendizaje interactivos que ayudan a transmitir la teor\u00eda t\u00e9cnica utilizando un concepto consistente.","robots":{"index":"index","follow":"follow","max-snippet":"max-snippet:-1","max-image-preview":"max-image-preview:large","max-video-preview":"max-video-preview:-1"},"canonical":"https:\/\/www.christiani-international.com\/cms\/es\/aprendizajes-en-linea\/","og_locale":"es_ES","og_type":"article","og_title":"E-Learnings - Aprendizaje Digital e Interactivo | Christiani","og_description":"Los e-learnings son programas de aprendizaje interactivos que ayudan a transmitir la teor\u00eda t\u00e9cnica utilizando un concepto consistente.","og_url":"https:\/\/www.christiani-international.com\/cms\/es\/aprendizajes-en-linea\/","og_site_name":"Christiani International","article_modified_time":"2024-07-31T12:04:09+00:00","og_image":[{"url":"https:\/\/www.christiani-international.com\/cms\/wp-content\/uploads\/2021\/01\/wbt-metall_900x600-300x200.jpg"}],"twitter_card":"summary_large_image","twitter_misc":{"Tiempo de lectura":"13 minutos"},"schema":{"@context":"https:\/\/schema.org","@graph":[{"@type":"WebPage","@id":"https:\/\/www.christiani-international.com\/cms\/es\/aprendizajes-en-linea\/","url":"https:\/\/www.christiani-international.com\/cms\/es\/aprendizajes-en-linea\/","name":"E-Learnings - Aprendizaje Digital e Interactivo | Christiani","isPartOf":{"@id":"https:\/\/www.christiani-international.com\/cms\/#website"},"primaryImageOfPage":{"@id":"https:\/\/www.christiani-international.com\/cms\/es\/aprendizajes-en-linea\/#primaryimage"},"image":{"@id":"https:\/\/www.christiani-international.com\/cms\/es\/aprendizajes-en-linea\/#primaryimage"},"thumbnailUrl":"https:\/\/www.christiani-international.com\/cms\/wp-content\/uploads\/2021\/01\/wbt-metall_900x600-300x200.jpg","datePublished":"2024-07-31T12:04:07+00:00","dateModified":"2024-07-31T12:04:09+00:00","description":"Los e-learnings son programas de aprendizaje interactivos que ayudan a transmitir la teor\u00eda t\u00e9cnica utilizando un concepto consistente.","breadcrumb":{"@id":"https:\/\/www.christiani-international.com\/cms\/es\/aprendizajes-en-linea\/#breadcrumb"},"inLanguage":"es","potentialAction":[{"@type":"ReadAction","target":["https:\/\/www.christiani-international.com\/cms\/es\/aprendizajes-en-linea\/"]}]},{"@type":"ImageObject","inLanguage":"es","@id":"https:\/\/www.christiani-international.com\/cms\/es\/aprendizajes-en-linea\/#primaryimage","url":"https:\/\/www.christiani-international.com\/cms\/wp-content\/uploads\/2021\/01\/wbt-metall_900x600-300x200.jpg","contentUrl":"https:\/\/www.christiani-international.com\/cms\/wp-content\/uploads\/2021\/01\/wbt-metall_900x600-300x200.jpg"},{"@type":"BreadcrumbList","@id":"https:\/\/www.christiani-international.com\/cms\/es\/aprendizajes-en-linea\/#breadcrumb","itemListElement":[{"@type":"ListItem","position":1,"name":"christiani-international.com","item":"https:\/\/www.christiani-international.com\/"},{"@type":"ListItem","position":2,"name":"Aprendizajes en l\u00ednea"}]},{"@type":"WebSite","@id":"https:\/\/www.christiani-international.com\/cms\/#website","url":"https:\/\/www.christiani-international.com\/cms\/","name":"Christiani International","description":"Eine weitere WordPress-Website","potentialAction":[{"@type":"SearchAction","target":{"@type":"EntryPoint","urlTemplate":"https:\/\/www.christiani-international.com\/cms\/?s={search_term_string}"},"query-input":"required name=search_term_string"}],"inLanguage":"es"}]}},"_links":{"self":[{"href":"https:\/\/www.christiani-international.com\/cms\/es\/wp-json\/wp\/v2\/pages\/11179","targetHints":{"allow":["GET"]}}],"collection":[{"href":"https:\/\/www.christiani-international.com\/cms\/es\/wp-json\/wp\/v2\/pages"}],"about":[{"href":"https:\/\/www.christiani-international.com\/cms\/es\/wp-json\/wp\/v2\/types\/page"}],"author":[{"embeddable":true,"href":"https:\/\/www.christiani-international.com\/cms\/es\/wp-json\/wp\/v2\/users\/4"}],"replies":[{"embeddable":true,"href":"https:\/\/www.christiani-international.com\/cms\/es\/wp-json\/wp\/v2\/comments?post=11179"}],"version-history":[{"count":3,"href":"https:\/\/www.christiani-international.com\/cms\/es\/wp-json\/wp\/v2\/pages\/11179\/revisions"}],"predecessor-version":[{"id":11195,"href":"https:\/\/www.christiani-international.com\/cms\/es\/wp-json\/wp\/v2\/pages\/11179\/revisions\/11195"}],"wp:attachment":[{"href":"https:\/\/www.christiani-international.com\/cms\/es\/wp-json\/wp\/v2\/media?parent=11179"}],"curies":[{"name":"wp","href":"https:\/\/api.w.org\/{rel}","templated":true}]}}