{"id":11154,"date":"2024-07-31T14:04:02","date_gmt":"2024-07-31T12:04:02","guid":{"rendered":"https:\/\/www.christiani-international.com\/cms\/noticias-oriente-medio-norte-de-africa\/"},"modified":"2024-07-31T14:04:03","modified_gmt":"2024-07-31T12:04:03","slug":"noticias-oriente-medio-norte-de-africa","status":"publish","type":"page","link":"https:\/\/www.christiani-international.com\/cms\/es\/noticia\/noticias-oriente-medio-norte-de-africa\/","title":{"rendered":"Noticias Oriente Medio \/ Norte de \u00c1frica"},"content":{"rendered":"<div class=\"fusion-fullwidth fullwidth-box fusion-builder-row-1 gradient-container-1 nonhundred-percent-fullwidth non-hundred-percent-height-scrolling\" style=\"--awb-border-radius-top-left:0px;--awb-border-radius-top-right:0px;--awb-border-radius-bottom-right:0px;--awb-border-radius-bottom-left:0px;--awb-flex-wrap:wrap;\" ><div class=\"fusion-builder-row fusion-row\"><div class=\"fusion-layout-column fusion_builder_column fusion-builder-column-0 fusion_builder_column_1_1 1_1 fusion-one-full fusion-column-first fusion-column-last\" style=\"--awb-bg-size:cover;\"><div class=\"fusion-column-wrapper fusion-column-has-shadow fusion-flex-column-wrapper-legacy\"><div class=\"fusion-title title fusion-title-1 fusion-sep-none fusion-title-text fusion-title-size-one\"><h1 class=\"fusion-title-heading title-heading-left fusion-responsive-typography-calculated\" style=\"margin:0;--fontSize:36;line-height:1.39;\"><strong>Noticias Christiani &#8211; Oriente Medio \/ Norte de \u00c1frica<\/strong><\/h1><\/div><div class=\"fusion-recent-posts fusion-recent-posts-1 avada-container layout-thumbnails-on-side layout-columns-1 posts-block\"><section class=\"fusion-columns columns fusion-columns-1 columns-1\"><article class=\"post fusion-column column col col-lg-12 col-md-12 col-sm-12\"><div class=\"fusion-flexslider fusion-flexslider-loading flexslider floated-slideshow flexslider-hover-type-none\"><ul class=\"slides\"><li><a href=\"https:\/\/www.christiani-international.com\/cms\/es\/blog\/2024\/07\/25\/christiani-ofrece-stands-de-formacion-y-un-concepto-educativo-en-el-campo-de-las-energias-renovables\/\" aria-label=\"Christiani ofrece stands de formaci\u00f3n y un concepto educativo en el campo de las energ\u00edas renovables\" class=\"hover-type-none\"><img decoding=\"async\" width=\"200\" height=\"113\" src=\"https:\/\/www.christiani-international.com\/cms\/wp-content\/uploads\/2020\/09\/Bild-1.jpg\" class=\"attachment-fusion-200 size-fusion-200\" alt=\"\" srcset=\"https:\/\/www.christiani-international.com\/cms\/wp-content\/uploads\/2020\/09\/Bild-1-200x113.jpg 200w, https:\/\/www.christiani-international.com\/cms\/wp-content\/uploads\/2020\/09\/Bild-1-300x169.jpg 300w, https:\/\/www.christiani-international.com\/cms\/wp-content\/uploads\/2020\/09\/Bild-1-400x225.jpg 400w, https:\/\/www.christiani-international.com\/cms\/wp-content\/uploads\/2020\/09\/Bild-1-600x338.jpg 600w, https:\/\/www.christiani-international.com\/cms\/wp-content\/uploads\/2020\/09\/Bild-1-768x432.jpg 768w, https:\/\/www.christiani-international.com\/cms\/wp-content\/uploads\/2020\/09\/Bild-1-800x450.jpg 800w, https:\/\/www.christiani-international.com\/cms\/wp-content\/uploads\/2020\/09\/Bild-1-1024x576.jpg 1024w, https:\/\/www.christiani-international.com\/cms\/wp-content\/uploads\/2020\/09\/Bild-1-1200x675.jpg 1200w, https:\/\/www.christiani-international.com\/cms\/wp-content\/uploads\/2020\/09\/Bild-1.jpg 1534w\" sizes=\"(max-width: 200px) 100vw, 200px\" \/><\/a><\/li><\/ul><\/div><div class=\"recent-posts-content\"><span class=\"vcard\" style=\"display: none;\"><span class=\"fn\"><\/span><\/span><span class=\"updated\" style=\"display:none;\">2024-07-25T14:31:58+02:00<\/span><h4 class=\"entry-title\"><a href=\"https:\/\/www.christiani-international.com\/cms\/es\/blog\/2024\/07\/25\/christiani-ofrece-stands-de-formacion-y-un-concepto-educativo-en-el-campo-de-las-energias-renovables\/\">Christiani ofrece stands de formaci\u00f3n y un concepto educativo en el campo de las energ\u00edas renovables<\/a><\/h4><p class=\"meta\"><span class=\"vcard\" style=\"display: none;\"><span class=\"fn\"><\/span><\/span><span class=\"updated\" style=\"display:none;\">2024-07-25T14:31:58+02:00<\/span><\/p><p> Energ\u00edas renovables para Marruecos Marruecos est\u00e1 considerado como el pa\u00eds m\u00e1s estable del norte de \u00c1frica y es considerado<a href=\"https:\/\/www.christiani-international.com\/cms\/es\/blog\/2024\/07\/25\/christiani-ofrece-stands-de-formacion-y-un-concepto-educativo-en-el-campo-de-las-energias-renovables\/\"><span class=\"text-black\">[...]<\/span><p class=\"read-more-box text-xs-right\"><a class=\"read-more-btn btn btn-primary text-white button-arrow-right\" href=\"https:\/\/www.christiani-international.com\/cms\/es\/blog\/2024\/07\/25\/christiani-ofrece-stands-de-formacion-y-un-concepto-educativo-en-el-campo-de-las-energias-renovables\/\"><span>Read more \u00a0<\/span><\/a><\/p><\/a><\/p><\/div><\/article><article class=\"post fusion-column column col col-lg-12 col-md-12 col-sm-12\"><div class=\"fusion-flexslider fusion-flexslider-loading flexslider floated-slideshow flexslider-hover-type-none\"><ul class=\"slides\"><li><a href=\"https:\/\/www.christiani-international.com\/cms\/es\/blog\/2024\/07\/25\/gess-dubai-2023-christiani-repasa-el-exito-de-la-feria\/\" aria-label=\"GESS Dubai 2023: Christiani repasa el \u00e9xito de la feria\" class=\"hover-type-none\"><img decoding=\"async\" width=\"200\" height=\"97\" src=\"https:\/\/www.christiani-international.com\/cms\/wp-content\/uploads\/2023\/11\/Our-exhibition-stand-zugeschnitten-200x97.jpg\" class=\"attachment-fusion-200 size-fusion-200\" alt=\"\" srcset=\"https:\/\/www.christiani-international.com\/cms\/wp-content\/uploads\/2023\/11\/Our-exhibition-stand-zugeschnitten-200x97.jpg 200w, https:\/\/www.christiani-international.com\/cms\/wp-content\/uploads\/2023\/11\/Our-exhibition-stand-zugeschnitten-300x146.jpg 300w, https:\/\/www.christiani-international.com\/cms\/wp-content\/uploads\/2023\/11\/Our-exhibition-stand-zugeschnitten-400x195.jpg 400w, https:\/\/www.christiani-international.com\/cms\/wp-content\/uploads\/2023\/11\/Our-exhibition-stand-zugeschnitten-600x292.jpg 600w, https:\/\/www.christiani-international.com\/cms\/wp-content\/uploads\/2023\/11\/Our-exhibition-stand-zugeschnitten-768x374.jpg 768w, https:\/\/www.christiani-international.com\/cms\/wp-content\/uploads\/2023\/11\/Our-exhibition-stand-zugeschnitten-800x390.jpg 800w, https:\/\/www.christiani-international.com\/cms\/wp-content\/uploads\/2023\/11\/Our-exhibition-stand-zugeschnitten-1024x499.jpg 1024w, https:\/\/www.christiani-international.com\/cms\/wp-content\/uploads\/2023\/11\/Our-exhibition-stand-zugeschnitten-1200x585.jpg 1200w, https:\/\/www.christiani-international.com\/cms\/wp-content\/uploads\/2023\/11\/Our-exhibition-stand-zugeschnitten.jpg 1385w\" sizes=\"(max-width: 200px) 100vw, 200px\" \/><\/a><\/li><\/ul><\/div><div class=\"recent-posts-content\"><span class=\"vcard\" style=\"display: none;\"><span class=\"fn\"><\/span><\/span><span class=\"updated\" style=\"display:none;\">2024-07-25T14:31:50+02:00<\/span><h4 class=\"entry-title\"><a href=\"https:\/\/www.christiani-international.com\/cms\/es\/blog\/2024\/07\/25\/gess-dubai-2023-christiani-repasa-el-exito-de-la-feria\/\">GESS Dubai 2023: Christiani repasa el \u00e9xito de la feria<\/a><\/h4><p class=\"meta\"><span class=\"vcard\" style=\"display: none;\"><span class=\"fn\"><\/span><\/span><span class=\"updated\" style=\"display:none;\">2024-07-25T14:31:50+02:00<\/span><\/p><p> GESS Dubai 2023: Christiani repasa el \u00e9xito de la feria     Del 30 de octubre de<a href=\"https:\/\/www.christiani-international.com\/cms\/es\/blog\/2024\/07\/25\/gess-dubai-2023-christiani-repasa-el-exito-de-la-feria\/\"><span class=\"text-black\">[...]<\/span><p class=\"read-more-box text-xs-right\"><a class=\"read-more-btn btn btn-primary text-white button-arrow-right\" href=\"https:\/\/www.christiani-international.com\/cms\/es\/blog\/2024\/07\/25\/gess-dubai-2023-christiani-repasa-el-exito-de-la-feria\/\"><span>Read more \u00a0<\/span><\/a><\/p><\/a><\/p><\/div><\/article><article class=\"post fusion-column column col col-lg-12 col-md-12 col-sm-12\"><div class=\"fusion-flexslider fusion-flexslider-loading flexslider floated-slideshow flexslider-hover-type-none\"><ul class=\"slides\"><li><a href=\"https:\/\/www.christiani-international.com\/cms\/es\/blog\/2024\/07\/25\/habilitacion-de-capacitadores-en-linea-capacitacion-para-capacitadores-colombianos\/\" aria-label=\"Habilitaci\u00f3n de Capacitadores en L\u00ednea: Capacitaci\u00f3n para Capacitadores Colombianos\" class=\"hover-type-none\"><img decoding=\"async\" width=\"200\" height=\"133\" src=\"https:\/\/www.christiani-international.com\/cms\/wp-content\/uploads\/2021\/03\/online-trainer-qualification-in-colombia-200x133.jpeg\" class=\"attachment-fusion-200 size-fusion-200\" alt=\"\" srcset=\"https:\/\/www.christiani-international.com\/cms\/wp-content\/uploads\/2021\/03\/online-trainer-qualification-in-colombia-200x133.jpeg 200w, https:\/\/www.christiani-international.com\/cms\/wp-content\/uploads\/2021\/03\/online-trainer-qualification-in-colombia-400x267.jpeg 400w, https:\/\/www.christiani-international.com\/cms\/wp-content\/uploads\/2021\/03\/online-trainer-qualification-in-colombia-600x400.jpeg 600w, https:\/\/www.christiani-international.com\/cms\/wp-content\/uploads\/2021\/03\/online-trainer-qualification-in-colombia-800x533.jpeg 800w, https:\/\/www.christiani-international.com\/cms\/wp-content\/uploads\/2021\/03\/online-trainer-qualification-in-colombia-1200x800.jpeg 1200w, https:\/\/www.christiani-international.com\/cms\/wp-content\/uploads\/2021\/03\/online-trainer-qualification-in-colombia-1536x1024.jpeg 1536w\" sizes=\"(max-width: 200px) 100vw, 200px\" \/><\/a><\/li><\/ul><\/div><div class=\"recent-posts-content\"><span class=\"vcard\" style=\"display: none;\"><span class=\"fn\"><\/span><\/span><span class=\"updated\" style=\"display:none;\">2024-07-25T14:31:48+02:00<\/span><h4 class=\"entry-title\"><a href=\"https:\/\/www.christiani-international.com\/cms\/es\/blog\/2024\/07\/25\/habilitacion-de-capacitadores-en-linea-capacitacion-para-capacitadores-colombianos\/\">Habilitaci\u00f3n de Capacitadores en L\u00ednea: Capacitaci\u00f3n para Capacitadores Colombianos<\/a><\/h4><p class=\"meta\"><span class=\"vcard\" style=\"display: none;\"><span class=\"fn\"><\/span><\/span><span class=\"updated\" style=\"display:none;\">2024-07-25T14:31:48+02:00<\/span><\/p><p> M\u00e1s de 1.500 participantes de ocho pa\u00edses diferentes de Am\u00e9rica Latina ya han completado con \u00e9xito el curso a<a href=\"https:\/\/www.christiani-international.com\/cms\/es\/blog\/2024\/07\/25\/habilitacion-de-capacitadores-en-linea-capacitacion-para-capacitadores-colombianos\/\"><span class=\"text-black\">[...]<\/span><p class=\"read-more-box text-xs-right\"><a class=\"read-more-btn btn btn-primary text-white button-arrow-right\" href=\"https:\/\/www.christiani-international.com\/cms\/es\/blog\/2024\/07\/25\/habilitacion-de-capacitadores-en-linea-capacitacion-para-capacitadores-colombianos\/\"><span>Read more \u00a0<\/span><\/a><\/p><\/a><\/p><\/div><\/article><article class=\"post fusion-column column col col-lg-12 col-md-12 col-sm-12\"><div class=\"fusion-flexslider fusion-flexslider-loading flexslider floated-slideshow flexslider-hover-type-none\"><ul class=\"slides\"><li><a href=\"https:\/\/www.christiani-international.com\/cms\/es\/blog\/2024\/07\/25\/christiani-en-el-8o-foro-economico-germano-africano-nrw\/\" aria-label=\"Christiani en el 8\u00ba Foro Econ\u00f3mico Germano-Africano (NRW)\" class=\"hover-type-none\"><img decoding=\"async\" width=\"200\" height=\"131\" src=\"https:\/\/www.christiani-international.com\/cms\/wp-content\/uploads\/2024\/03\/8th_German_African_Forum_NRW_06-03-2024_1-200x131.jpg\" class=\"attachment-fusion-200 size-fusion-200\" alt=\"\" srcset=\"https:\/\/www.christiani-international.com\/cms\/wp-content\/uploads\/2024\/03\/8th_German_African_Forum_NRW_06-03-2024_1-200x131.jpg 200w, https:\/\/www.christiani-international.com\/cms\/wp-content\/uploads\/2024\/03\/8th_German_African_Forum_NRW_06-03-2024_1-300x197.jpg 300w, https:\/\/www.christiani-international.com\/cms\/wp-content\/uploads\/2024\/03\/8th_German_African_Forum_NRW_06-03-2024_1-400x263.jpg 400w, https:\/\/www.christiani-international.com\/cms\/wp-content\/uploads\/2024\/03\/8th_German_African_Forum_NRW_06-03-2024_1-600x394.jpg 600w, https:\/\/www.christiani-international.com\/cms\/wp-content\/uploads\/2024\/03\/8th_German_African_Forum_NRW_06-03-2024_1-768x505.jpg 768w, https:\/\/www.christiani-international.com\/cms\/wp-content\/uploads\/2024\/03\/8th_German_African_Forum_NRW_06-03-2024_1-800x526.jpg 800w, https:\/\/www.christiani-international.com\/cms\/wp-content\/uploads\/2024\/03\/8th_German_African_Forum_NRW_06-03-2024_1-1024x673.jpg 1024w, https:\/\/www.christiani-international.com\/cms\/wp-content\/uploads\/2024\/03\/8th_German_African_Forum_NRW_06-03-2024_1-1200x789.jpg 1200w, https:\/\/www.christiani-international.com\/cms\/wp-content\/uploads\/2024\/03\/8th_German_African_Forum_NRW_06-03-2024_1-1536x1010.jpg 1536w\" sizes=\"(max-width: 200px) 100vw, 200px\" \/><\/a><\/li><\/ul><\/div><div class=\"recent-posts-content\"><span class=\"vcard\" style=\"display: none;\"><span class=\"fn\"><\/span><\/span><span class=\"updated\" style=\"display:none;\">2024-07-25T14:31:48+02:00<\/span><h4 class=\"entry-title\"><a href=\"https:\/\/www.christiani-international.com\/cms\/es\/blog\/2024\/07\/25\/christiani-en-el-8o-foro-economico-germano-africano-nrw\/\">Christiani en el 8\u00ba Foro Econ\u00f3mico Germano-Africano (NRW)<\/a><\/h4><p class=\"meta\"><span class=\"vcard\" style=\"display: none;\"><span class=\"fn\"><\/span><\/span><span class=\"updated\" style=\"display:none;\">2024-07-25T14:31:48+02:00<\/span><\/p><p> Christiani en el 8\u00ba Foro Econ\u00f3mico Germano-Africano (NRW)     El 6 de marzo de 2024 se<a href=\"https:\/\/www.christiani-international.com\/cms\/es\/blog\/2024\/07\/25\/christiani-en-el-8o-foro-economico-germano-africano-nrw\/\"><span class=\"text-black\">[...]<\/span><p class=\"read-more-box text-xs-right\"><a class=\"read-more-btn btn btn-primary text-white button-arrow-right\" href=\"https:\/\/www.christiani-international.com\/cms\/es\/blog\/2024\/07\/25\/christiani-en-el-8o-foro-economico-germano-africano-nrw\/\"><span>Read more \u00a0<\/span><\/a><\/p><\/a><\/p><\/div><\/article><article class=\"post fusion-column column col col-lg-12 col-md-12 col-sm-12\"><div class=\"fusion-flexslider fusion-flexslider-loading flexslider floated-slideshow flexslider-hover-type-none\"><ul class=\"slides\"><li><a href=\"https:\/\/www.christiani-international.com\/cms\/es\/blog\/2024\/07\/25\/christiani-en-el-elearning-africa-2024\/\" aria-label=\"Christiani en el eLearning Africa 2024\" class=\"hover-type-none\"><img decoding=\"async\" width=\"200\" height=\"82\" src=\"https:\/\/www.christiani-international.com\/cms\/wp-content\/uploads\/2024\/03\/eLA18_logo_black-200x82.png\" class=\"attachment-fusion-200 size-fusion-200\" alt=\"\" srcset=\"https:\/\/www.christiani-international.com\/cms\/wp-content\/uploads\/2024\/03\/eLA18_logo_black-200x82.png 200w, https:\/\/www.christiani-international.com\/cms\/wp-content\/uploads\/2024\/03\/eLA18_logo_black-300x123.png 300w, https:\/\/www.christiani-international.com\/cms\/wp-content\/uploads\/2024\/03\/eLA18_logo_black-400x164.png 400w, https:\/\/www.christiani-international.com\/cms\/wp-content\/uploads\/2024\/03\/eLA18_logo_black-600x246.png 600w, https:\/\/www.christiani-international.com\/cms\/wp-content\/uploads\/2024\/03\/eLA18_logo_black-669x272.png 669w, https:\/\/www.christiani-international.com\/cms\/wp-content\/uploads\/2024\/03\/eLA18_logo_black-768x314.png 768w, https:\/\/www.christiani-international.com\/cms\/wp-content\/uploads\/2024\/03\/eLA18_logo_black-800x327.png 800w, https:\/\/www.christiani-international.com\/cms\/wp-content\/uploads\/2024\/03\/eLA18_logo_black-1024x419.png 1024w, https:\/\/www.christiani-international.com\/cms\/wp-content\/uploads\/2024\/03\/eLA18_logo_black-1200x491.png 1200w, https:\/\/www.christiani-international.com\/cms\/wp-content\/uploads\/2024\/03\/eLA18_logo_black.png 1500w\" sizes=\"(max-width: 200px) 100vw, 200px\" \/><\/a><\/li><\/ul><\/div><div class=\"recent-posts-content\"><span class=\"vcard\" style=\"display: none;\"><span class=\"fn\"><\/span><\/span><span class=\"updated\" style=\"display:none;\">2024-07-25T14:31:50+02:00<\/span><h4 class=\"entry-title\"><a href=\"https:\/\/www.christiani-international.com\/cms\/es\/blog\/2024\/07\/25\/christiani-en-el-elearning-africa-2024\/\">Christiani en el eLearning Africa 2024<\/a><\/h4><p class=\"meta\"><span class=\"vcard\" style=\"display: none;\"><span class=\"fn\"><\/span><\/span><span class=\"updated\" style=\"display:none;\">2024-07-25T14:31:50+02:00<\/span><\/p><p> Christiani en el eLearning Africa 2024     17\u00aa Conferencia y Exposici\u00f3n Internacional sobre Educaci\u00f3n, Formaci\u00f3n y<a href=\"https:\/\/www.christiani-international.com\/cms\/es\/blog\/2024\/07\/25\/christiani-en-el-elearning-africa-2024\/\"><span class=\"text-black\">[...]<\/span><p class=\"read-more-box text-xs-right\"><a class=\"read-more-btn btn btn-primary text-white button-arrow-right\" href=\"https:\/\/www.christiani-international.com\/cms\/es\/blog\/2024\/07\/25\/christiani-en-el-elearning-africa-2024\/\"><span>Read more \u00a0<\/span><\/a><\/p><\/a><\/p><\/div><\/article><\/section><\/div><div class=\"fusion-clearfix\"><\/div><\/div><\/div><\/div><\/div>\n","protected":false},"excerpt":{"rendered":"","protected":false},"author":1,"featured_media":0,"parent":11272,"menu_order":0,"comment_status":"closed","ping_status":"closed","template":"","meta":{"inline_featured_image":false,"footnotes":""},"class_list":["post-11154","page","type-page","status-publish","hentry"],"yoast_head":"<!-- This site is optimized with the Yoast SEO plugin v23.3 - https:\/\/yoast.com\/wordpress\/plugins\/seo\/ -->\n<title>Noticias Oriente Medio \/ Norte de \u00c1frica<\/title>\n<meta name=\"robots\" content=\"index, follow, max-snippet:-1, max-image-preview:large, max-video-preview:-1\" \/>\n<link rel=\"canonical\" href=\"https:\/\/www.christiani-international.com\/cms\/es\/noticias-oriente-medio-norte-de-africa\/\" \/>\n<meta property=\"og:locale\" content=\"es_ES\" \/>\n<meta property=\"og:type\" content=\"article\" \/>\n<meta property=\"og:title\" content=\"Noticias Oriente Medio \/ Norte de \u00c1frica\" \/>\n<meta property=\"og:url\" content=\"https:\/\/www.christiani-international.com\/cms\/es\/noticias-oriente-medio-norte-de-africa\/\" \/>\n<meta property=\"og:site_name\" content=\"Christiani International\" \/>\n<meta property=\"article:modified_time\" content=\"2024-07-31T12:04:03+00:00\" \/>\n<meta name=\"twitter:card\" content=\"summary_large_image\" \/>\n<meta name=\"twitter:label1\" content=\"Tiempo de lectura\" \/>\n\t<meta name=\"twitter:data1\" content=\"2 minutos\" \/>\n<script type=\"application\/ld+json\" class=\"yoast-schema-graph\">{\"@context\":\"https:\/\/schema.org\",\"@graph\":[{\"@type\":\"WebPage\",\"@id\":\"https:\/\/www.christiani-international.com\/cms\/es\/noticias-oriente-medio-norte-de-africa\/\",\"url\":\"https:\/\/www.christiani-international.com\/cms\/es\/noticias-oriente-medio-norte-de-africa\/\",\"name\":\"Noticias Oriente Medio \/ Norte de \u00c1frica\",\"isPartOf\":{\"@id\":\"https:\/\/www.christiani-international.com\/cms\/#website\"},\"datePublished\":\"2024-07-31T12:04:02+00:00\",\"dateModified\":\"2024-07-31T12:04:03+00:00\",\"breadcrumb\":{\"@id\":\"https:\/\/www.christiani-international.com\/cms\/es\/noticias-oriente-medio-norte-de-africa\/#breadcrumb\"},\"inLanguage\":\"es\",\"potentialAction\":[{\"@type\":\"ReadAction\",\"target\":[\"https:\/\/www.christiani-international.com\/cms\/es\/noticias-oriente-medio-norte-de-africa\/\"]}]},{\"@type\":\"BreadcrumbList\",\"@id\":\"https:\/\/www.christiani-international.com\/cms\/es\/noticias-oriente-medio-norte-de-africa\/#breadcrumb\",\"itemListElement\":[{\"@type\":\"ListItem\",\"position\":1,\"name\":\"christiani-international.com\",\"item\":\"https:\/\/www.christiani-international.com\/\"},{\"@type\":\"ListItem\",\"position\":2,\"name\":\"Christiani en el eLearning Africa 2024\"}]},{\"@type\":\"WebSite\",\"@id\":\"https:\/\/www.christiani-international.com\/cms\/#website\",\"url\":\"https:\/\/www.christiani-international.com\/cms\/\",\"name\":\"Christiani International\",\"description\":\"Eine weitere WordPress-Website\",\"potentialAction\":[{\"@type\":\"SearchAction\",\"target\":{\"@type\":\"EntryPoint\",\"urlTemplate\":\"https:\/\/www.christiani-international.com\/cms\/?s={search_term_string}\"},\"query-input\":\"required name=search_term_string\"}],\"inLanguage\":\"es\"}]}<\/script>\n<!-- \/ Yoast SEO plugin. -->","yoast_head_json":{"title":"Noticias Oriente Medio \/ Norte de \u00c1frica","robots":{"index":"index","follow":"follow","max-snippet":"max-snippet:-1","max-image-preview":"max-image-preview:large","max-video-preview":"max-video-preview:-1"},"canonical":"https:\/\/www.christiani-international.com\/cms\/es\/noticias-oriente-medio-norte-de-africa\/","og_locale":"es_ES","og_type":"article","og_title":"Noticias Oriente Medio \/ Norte de \u00c1frica","og_url":"https:\/\/www.christiani-international.com\/cms\/es\/noticias-oriente-medio-norte-de-africa\/","og_site_name":"Christiani International","article_modified_time":"2024-07-31T12:04:03+00:00","twitter_card":"summary_large_image","twitter_misc":{"Tiempo de lectura":"2 minutos"},"schema":{"@context":"https:\/\/schema.org","@graph":[{"@type":"WebPage","@id":"https:\/\/www.christiani-international.com\/cms\/es\/noticias-oriente-medio-norte-de-africa\/","url":"https:\/\/www.christiani-international.com\/cms\/es\/noticias-oriente-medio-norte-de-africa\/","name":"Noticias Oriente Medio \/ Norte de \u00c1frica","isPartOf":{"@id":"https:\/\/www.christiani-international.com\/cms\/#website"},"datePublished":"2024-07-31T12:04:02+00:00","dateModified":"2024-07-31T12:04:03+00:00","breadcrumb":{"@id":"https:\/\/www.christiani-international.com\/cms\/es\/noticias-oriente-medio-norte-de-africa\/#breadcrumb"},"inLanguage":"es","potentialAction":[{"@type":"ReadAction","target":["https:\/\/www.christiani-international.com\/cms\/es\/noticias-oriente-medio-norte-de-africa\/"]}]},{"@type":"BreadcrumbList","@id":"https:\/\/www.christiani-international.com\/cms\/es\/noticias-oriente-medio-norte-de-africa\/#breadcrumb","itemListElement":[{"@type":"ListItem","position":1,"name":"christiani-international.com","item":"https:\/\/www.christiani-international.com\/"},{"@type":"ListItem","position":2,"name":"Christiani en el eLearning Africa 2024"}]},{"@type":"WebSite","@id":"https:\/\/www.christiani-international.com\/cms\/#website","url":"https:\/\/www.christiani-international.com\/cms\/","name":"Christiani International","description":"Eine weitere WordPress-Website","potentialAction":[{"@type":"SearchAction","target":{"@type":"EntryPoint","urlTemplate":"https:\/\/www.christiani-international.com\/cms\/?s={search_term_string}"},"query-input":"required name=search_term_string"}],"inLanguage":"es"}]}},"_links":{"self":[{"href":"https:\/\/www.christiani-international.com\/cms\/es\/wp-json\/wp\/v2\/pages\/11154","targetHints":{"allow":["GET"]}}],"collection":[{"href":"https:\/\/www.christiani-international.com\/cms\/es\/wp-json\/wp\/v2\/pages"}],"about":[{"href":"https:\/\/www.christiani-international.com\/cms\/es\/wp-json\/wp\/v2\/types\/page"}],"author":[{"embeddable":true,"href":"https:\/\/www.christiani-international.com\/cms\/es\/wp-json\/wp\/v2\/users\/1"}],"replies":[{"embeddable":true,"href":"https:\/\/www.christiani-international.com\/cms\/es\/wp-json\/wp\/v2\/comments?post=11154"}],"version-history":[{"count":2,"href":"https:\/\/www.christiani-international.com\/cms\/es\/wp-json\/wp\/v2\/pages\/11154\/revisions"}],"predecessor-version":[{"id":11169,"href":"https:\/\/www.christiani-international.com\/cms\/es\/wp-json\/wp\/v2\/pages\/11154\/revisions\/11169"}],"up":[{"embeddable":true,"href":"https:\/\/www.christiani-international.com\/cms\/es\/wp-json\/wp\/v2\/pages\/11272"}],"wp:attachment":[{"href":"https:\/\/www.christiani-international.com\/cms\/es\/wp-json\/wp\/v2\/media?parent=11154"}],"curies":[{"name":"wp","href":"https:\/\/api.w.org\/{rel}","templated":true}]}}