{"id":11152,"date":"2024-07-31T14:04:02","date_gmt":"2024-07-31T12:04:02","guid":{"rendered":"https:\/\/www.christiani-international.com\/cms\/software-de-simulacion-para-la-formacion-profesional\/"},"modified":"2024-07-31T14:04:04","modified_gmt":"2024-07-31T12:04:04","slug":"software-de-simulacion-para-la-formacion-profesional","status":"publish","type":"page","link":"https:\/\/www.christiani-international.com\/cms\/es\/software-de-simulacion-para-la-formacion-profesional\/","title":{"rendered":"Software de simulaci\u00f3n para la formaci\u00f3n profesional"},"content":{"rendered":"<p><div class=\"fusion-fullwidth fullwidth-box fusion-builder-row-1 gradient-container-1 nonhundred-percent-fullwidth non-hundred-percent-height-scrolling\" style=\"--awb-border-radius-top-left:0px;--awb-border-radius-top-right:0px;--awb-border-radius-bottom-right:0px;--awb-border-radius-bottom-left:0px;--awb-flex-wrap:wrap;\" ><div class=\"fusion-builder-row fusion-row\"><div class=\"fusion-layout-column fusion_builder_column fusion-builder-column-0 fusion_builder_column_1_1 1_1 fusion-one-full fusion-column-first fusion-column-last fusion-no-small-visibility\" style=\"--awb-bg-image:url(&#039;https:\/\/www.christiani.de\/cms\/wp-content\/uploads\/2019\/12\/basic-layout-top-banner_03.jpg&#039;);--awb-bg-size:cover;--awb-margin-top:20px;\"><div class=\"fusion-column-wrapper fusion-column-has-shadow fusion-flex-column-wrapper-legacy fusion-column-has-bg-image\" data-bg-url=\"https:\/\/www.christiani.de\/cms\/wp-content\/uploads\/2019\/12\/basic-layout-top-banner_03.jpg\"><div class=\"fusion-image-element in-legacy-container\" style=\"--awb-caption-title-font-family:var(--h2_typography-font-family);--awb-caption-title-font-weight:var(--h2_typography-font-weight);--awb-caption-title-font-style:var(--h2_typography-font-style);--awb-caption-title-size:var(--h2_typography-font-size);--awb-caption-title-transform:var(--h2_typography-text-transform);--awb-caption-title-line-height:var(--h2_typography-line-height);--awb-caption-title-letter-spacing:var(--h2_typography-letter-spacing);\"><span class=\" fusion-imageframe imageframe-none imageframe-1 hover-type-none basetpl-top-banner\"><img decoding=\"async\" width=\"1170\" height=\"428\" title=\"Simulationssoftware_1170x428\" src=\"https:\/\/www.christiani-international.com\/cms\/wp-content\/uploads\/2021\/09\/Simulationssoftware_1170x428.png\" alt class=\"img-responsive wp-image-7835\" srcset=\"https:\/\/www.christiani-international.com\/cms\/wp-content\/uploads\/2021\/09\/Simulationssoftware_1170x428-200x73.png 200w, https:\/\/www.christiani-international.com\/cms\/wp-content\/uploads\/2021\/09\/Simulationssoftware_1170x428-400x146.png 400w, https:\/\/www.christiani-international.com\/cms\/wp-content\/uploads\/2021\/09\/Simulationssoftware_1170x428-600x219.png 600w, https:\/\/www.christiani-international.com\/cms\/wp-content\/uploads\/2021\/09\/Simulationssoftware_1170x428-800x293.png 800w, https:\/\/www.christiani-international.com\/cms\/wp-content\/uploads\/2021\/09\/Simulationssoftware_1170x428.png 1170w\" sizes=\"(max-width: 800px) 100vw, 1170px\" \/><\/span><\/div><div class=\"fusion-clearfix\"><\/div><\/div><\/div><\/div><\/div><div class=\"fusion-fullwidth fullwidth-box fusion-builder-row-2 gradient-container-2 nonhundred-percent-fullwidth non-hundred-percent-height-scrolling\" style=\"--awb-border-radius-top-left:0px;--awb-border-radius-top-right:0px;--awb-border-radius-bottom-right:0px;--awb-border-radius-bottom-left:0px;--awb-flex-wrap:wrap;\" ><div class=\"fusion-builder-row fusion-row\"><div class=\"fusion-layout-column fusion_builder_column fusion-builder-column-1 fusion_builder_column_4_5 4_5 fusion-four-fifth fusion-column-first padding-xs-lr15\" style=\"--awb-bg-size:cover;width:79.2%; margin-right: 4%;\"><div class=\"fusion-column-wrapper fusion-column-has-shadow fusion-flex-column-wrapper-legacy\"><div class=\"fusion-title title fusion-title-1 fusion-sep-none fusion-title-text fusion-title-size-one text-align-xs-left\" style=\"--awb-text-color:#005ba8;\"><h1 class=\"fusion-title-heading title-heading-left fusion-responsive-typography-calculated\" style=\"margin:0;--fontSize:36;line-height:1.39;\"><h1>Software de simulaci\u00f3n Christiani para la educaci\u00f3n t\u00e9cnica<\/h1><\/h1><\/div><div class=\"fusion-clearfix\"><\/div><\/div><\/div><div class=\"fusion-layout-column fusion_builder_column fusion-builder-column-2 fusion_builder_column_1_1 1_1 fusion-one-full fusion-column-last padding-xs-lr15\" style=\"--awb-bg-size:cover;\"><div class=\"fusion-column-wrapper fusion-column-has-shadow fusion-flex-column-wrapper-legacy\"><div class=\"fusion-text fusion-text-1 text-align-xs-left\"><p>Nuestros exclusivos productos de software de simulaci\u00f3n para la formaci\u00f3n profesional y la formaci\u00f3n continua permiten a los aprendices practicar de forma te\u00f3rica, pero cerca del mundo real.<br \/>\nLas simulaciones realistas respaldan el v\u00ednculo con la vida laboral cotidiana real y brindan a sus alumnos una sensaci\u00f3n de seguridad al aplicar el contenido de aprendizaje en la pr\u00e1ctica.<\/p>\n<\/div><div class=\"fusion-clearfix\"><\/div><\/div><\/div><\/div><\/div><div class=\"fusion-fullwidth fullwidth-box fusion-builder-row-3 gradient-container-3 nonhundred-percent-fullwidth non-hundred-percent-height-scrolling\" style=\"--awb-border-radius-top-left:0px;--awb-border-radius-top-right:0px;--awb-border-radius-bottom-right:0px;--awb-border-radius-bottom-left:0px;--awb-padding-top:20px;--awb-padding-right:20px;--awb-padding-bottom:20px;--awb-padding-left:20px;--awb-margin-top:50px;--awb-background-color:#f5f5f5;--awb-flex-wrap:wrap;\" ><div class=\"fusion-builder-row fusion-row\"><div class=\"fusion-layout-column fusion_builder_column fusion-builder-column-3 fusion_builder_column_1_2 1_2 fusion-one-half fusion-column-first\" style=\"--awb-bg-size:cover;width:50%;width:calc(50% - ( ( 4% ) * 0.5 ) );margin-right: 4%;\"><div class=\"fusion-column-wrapper fusion-column-has-shadow fusion-flex-column-wrapper-legacy\"><div class=\"fusion-column-content-centered\"><div class=\"fusion-column-content\"><div class=\"fusion-text fusion-text-2\"><h2>Ventajas:<\/h2>\n<ul>\n<li>Simulaci\u00f3n realista<\/li>\n<li>Se pueden experimentar conocimientos te\u00f3ricos<\/li>\n<li>Aprendizaje aut\u00f3nomo e individual<\/li>\n<li>Pr\u00e1ctica sin grandes consecuencias<\/li>\n<\/ul>\n<\/div><\/div><\/div><div class=\"fusion-clearfix\"><\/div><\/div><\/div><div class=\"fusion-layout-column fusion_builder_column fusion-builder-column-4 fusion_builder_column_1_2 1_2 fusion-one-half fusion-column-last\" style=\"--awb-bg-size:cover;width:50%;width:calc(50% - ( ( 4% ) * 0.5 ) );\"><div class=\"fusion-column-wrapper fusion-column-has-shadow fusion-flex-column-wrapper-legacy\"><div class=\"fusion-text fusion-text-3\"><h2>Mec\u00e1nica:<\/h2>\n<ul>\n<li>FlowLab4edu<\/li>\n<\/ul>\n<h2>Ingenier\u00eda el\u00e9ctrica:<\/h2>\n<ul>\n<li>mMS-Sim4edu<\/li>\n<\/ul>\n<\/div><div class=\"fusion-clearfix\"><\/div><\/div><\/div><\/div><\/div><div class=\"fusion-fullwidth fullwidth-box fusion-builder-row-4 gradient-container-4 nonhundred-percent-fullwidth non-hundred-percent-height-scrolling\" style=\"--awb-border-radius-top-left:0px;--awb-border-radius-top-right:0px;--awb-border-radius-bottom-right:0px;--awb-border-radius-bottom-left:0px;--awb-margin-top:50px;--awb-flex-wrap:wrap;\" ><div class=\"fusion-builder-row fusion-row\"><div class=\"fusion-layout-column fusion_builder_column fusion-builder-column-5 fusion_builder_column_1_1 1_1 fusion-one-full fusion-column-first fusion-column-last\" style=\"--awb-bg-size:cover;\"><div class=\"fusion-column-wrapper fusion-column-has-shadow fusion-flex-column-wrapper-legacy\"><div class=\"fusion-text fusion-text-4\"><h2>Nuestro software de simulaci\u00f3n<\/h2>\n<\/div><div class=\"fusion-clearfix\"><\/div><\/div><\/div><\/div><\/div><div class=\"fusion-fullwidth fullwidth-box fusion-builder-row-5 gradient-container-5 nonhundred-percent-fullwidth non-hundred-percent-height-scrolling\" style=\"--awb-border-radius-top-left:0px;--awb-border-radius-top-right:0px;--awb-border-radius-bottom-right:0px;--awb-border-radius-bottom-left:0px;--awb-flex-wrap:wrap;\" ><div class=\"fusion-builder-row fusion-row\"><div class=\"fusion-layout-column fusion_builder_column fusion-builder-column-6 fusion_builder_column_1_2 1_2 fusion-one-half fusion-column-first\" style=\"--awb-bg-size:cover;width:50%;width:calc(50% - ( ( 4% ) * 0.5 ) );margin-right: 4%;\"><div class=\"fusion-column-wrapper fusion-column-has-shadow fusion-flex-column-wrapper-legacy\"><div class=\"fusion-text fusion-text-5 product-block-image\"><div class=\"product-block\">\n<p class=\"product-block-image\" style=\"background-color: #fff; width: 100%; padding: 30px;\"><img decoding=\"async\" class=\"aligncenter size-full wp-image-7844\" src=\"https:\/\/www.christiani-international.com\/cms\/wp-content\/uploads\/2021\/09\/34701_400x301engl.jpg\" alt=\"\" width=\"400\" height=\"301\" srcset=\"https:\/\/www.christiani-international.com\/cms\/wp-content\/uploads\/2021\/09\/34701_400x301engl-200x151.jpg 200w, https:\/\/www.christiani-international.com\/cms\/wp-content\/uploads\/2021\/09\/34701_400x301engl-300x226.jpg 300w, https:\/\/www.christiani-international.com\/cms\/wp-content\/uploads\/2021\/09\/34701_400x301engl.jpg 400w\" sizes=\"(max-width: 400px) 100vw, 400px\" \/><\/p>\n<p class=\"product-block-title\">FlowLab4edu &#8211; Simule, cree y controle la potencia de los fluidos<\/p>\n<p>  Nuestro amplio software para crear, simular y controlar planos GRAFCET, as\u00ed como circuitos neum\u00e1ticos y electroneum\u00e1ticos.<br \/>\nRealista y de dise\u00f1o sencillo.   <\/p>\n<p class=\"custom-blue-button\"><a href=\"https:\/\/www.christiani-international.com\/cms\/flowlab4edu\/\" target=\"_blank\" rel=\"noopener\"><a href=\"https:\/\/www.christiani-international.com\/cms\/flowlab4edu\/\">Aprende m\u00e1s <\/a> <i class=\"fa fa-arrow-right\" aria-hidden=\"true\"><\/i><\/a><\/p>\n<\/div>\n<\/div><div class=\"fusion-clearfix\"><\/div><\/div><\/div><div class=\"fusion-layout-column fusion_builder_column fusion-builder-column-7 fusion_builder_column_1_2 1_2 fusion-one-half fusion-column-last\" style=\"--awb-bg-size:cover;width:50%;width:calc(50% - ( ( 4% ) * 0.5 ) );\"><div class=\"fusion-column-wrapper fusion-column-has-shadow fusion-flex-column-wrapper-legacy\"><div class=\"fusion-text fusion-text-6 product-block-image\"><div class=\"product-block\">\n<p class=\"product-block-image\" style=\"background-color: #fff; width: 100%; padding: 30px;\"><img decoding=\"async\" class=\"aligncenter size-full wp-image-7847\" src=\"https:\/\/www.christiani-international.com\/cms\/wp-content\/uploads\/2021\/09\/43930_eng-400x301-1.jpg\" alt=\"\" width=\"400\" height=\"301\" srcset=\"https:\/\/www.christiani-international.com\/cms\/wp-content\/uploads\/2021\/09\/43930_eng-400x301-1-200x151.jpg 200w, https:\/\/www.christiani-international.com\/cms\/wp-content\/uploads\/2021\/09\/43930_eng-400x301-1-300x226.jpg 300w, https:\/\/www.christiani-international.com\/cms\/wp-content\/uploads\/2021\/09\/43930_eng-400x301-1.jpg 400w\" sizes=\"(max-width: 400px) 100vw, 400px\" \/><\/p>\n<p class=\"product-block-title\">mMS-Sim4edu &#8211; Software de Simulaci\u00f3n Mecatr\u00f3nica 3D<\/p>\n<p>  Basado en una simulaci\u00f3n de fabricaci\u00f3n industrial.<br \/>\nPermita que sus alumnos desarrollen, prueben y simulen soluciones de fabricaci\u00f3n en un entorno de red.   <\/p>\n<p class=\"custom-blue-button\"><a href=\"https:\/\/www.christiani-international.com\/cms\/es\/mms-sim4edu\/\" target=\"_blank\" rel=\"noopener\"><a href=\"https:\/\/www.christiani-international.com\/cms\/es\/mms-sim4edu\/\">Aprende m\u00e1s <\/a> <i class=\"fa fa-arrow-right\" aria-hidden=\"true\"><\/i><\/a><\/p>\n<\/div>\n<\/div><div class=\"fusion-clearfix\"><\/div><\/div><\/div><\/div><\/div><div class=\"fusion-fullwidth fullwidth-box fusion-builder-row-6 full-width-adviser-block no-padding-xs gradient-container-6 nonhundred-percent-fullwidth non-hundred-percent-height-scrolling fusion-equal-height-columns\" style=\"--awb-border-radius-top-left:0px;--awb-border-radius-top-right:0px;--awb-border-radius-bottom-right:0px;--awb-border-radius-bottom-left:0px;--awb-padding-top:25px;--awb-padding-right:25px;--awb-padding-bottom:25px;--awb-padding-left:25px;--awb-margin-bottom:35px;--awb-background-color:#e4e4e4;--awb-flex-wrap:wrap;\" ><div class=\"fusion-builder-row fusion-row\"><div class=\"fusion-layout-column fusion_builder_column fusion-builder-column-8 fusion_builder_column_1_1 1_1 fusion-one-full fusion-column-first fusion-column-last advisor-left-block\" style=\"--awb-bg-size:cover;--awb-margin-bottom:0px;\"><div class=\"fusion-column-wrapper fusion-column-has-shadow fusion-flex-column-wrapper-legacy\"><div class=\"fusion-column-content-centered\"><div class=\"fusion-column-content\"><div class=\"fusion-text fusion-text-7\"><p><strong>\u00bfTienes m\u00e1s preguntas?<\/strong>  Estaremos encantados de asesorarle sobre la soluci\u00f3n m\u00e1s adecuada para su empresa o instituci\u00f3n educativa.  <strong><a href=\"https:\/\/www.christiani-international.com\/cms\/service\/\"><a href=\"https:\/\/www.christiani-international.com\/cms\/service\/\">\u00a1Cont\u00e1ctenos!<\/a><\/a><\/strong><\/p>\n<\/div><\/div><\/div><div class=\"fusion-clearfix\"><\/div><\/div><\/div><\/div><\/div><\/p>\n","protected":false},"excerpt":{"rendered":"","protected":false},"author":4,"featured_media":0,"parent":0,"menu_order":0,"comment_status":"closed","ping_status":"closed","template":"","meta":{"inline_featured_image":false,"footnotes":""},"class_list":["post-11152","page","type-page","status-publish","hentry"],"yoast_head":"<!-- This site is optimized with the Yoast SEO plugin v23.3 - https:\/\/yoast.com\/wordpress\/plugins\/seo\/ -->\n<title>Software de simulaci\u00f3n para formaci\u00f3n profesional t\u00e9cnica | Christiani<\/title>\n<meta name=\"description\" content=\"Los productos de software de simulaci\u00f3n de Christiani permiten a los aprendices probar la teor\u00eda y, al mismo tiempo, acercarse a la pr\u00e1ctica.\" \/>\n<meta name=\"robots\" content=\"index, follow, max-snippet:-1, max-image-preview:large, max-video-preview:-1\" \/>\n<link rel=\"canonical\" href=\"https:\/\/www.christiani-international.com\/cms\/es\/software-de-simulacion-para-la-formacion-profesional\/\" \/>\n<meta property=\"og:locale\" content=\"es_ES\" \/>\n<meta property=\"og:type\" content=\"article\" \/>\n<meta property=\"og:title\" content=\"Software de simulaci\u00f3n para formaci\u00f3n profesional t\u00e9cnica | Christiani\" \/>\n<meta property=\"og:description\" content=\"Los productos de software de simulaci\u00f3n de Christiani permiten a los aprendices probar la teor\u00eda y, al mismo tiempo, acercarse a la pr\u00e1ctica.\" \/>\n<meta property=\"og:url\" content=\"https:\/\/www.christiani-international.com\/cms\/es\/software-de-simulacion-para-la-formacion-profesional\/\" \/>\n<meta property=\"og:site_name\" content=\"Christiani International\" \/>\n<meta property=\"article:modified_time\" content=\"2024-07-31T12:04:04+00:00\" \/>\n<meta property=\"og:image\" content=\"https:\/\/www.christiani-international.com\/cms\/wp-content\/uploads\/2021\/09\/34701_400x301engl.jpg\" \/>\n<meta name=\"twitter:card\" content=\"summary_large_image\" \/>\n<meta name=\"twitter:label1\" content=\"Tiempo de lectura\" \/>\n\t<meta name=\"twitter:data1\" content=\"17 minutos\" \/>\n<script type=\"application\/ld+json\" class=\"yoast-schema-graph\">{\"@context\":\"https:\/\/schema.org\",\"@graph\":[{\"@type\":\"WebPage\",\"@id\":\"https:\/\/www.christiani-international.com\/cms\/es\/software-de-simulacion-para-la-formacion-profesional\/\",\"url\":\"https:\/\/www.christiani-international.com\/cms\/es\/software-de-simulacion-para-la-formacion-profesional\/\",\"name\":\"Software de simulaci\u00f3n para formaci\u00f3n profesional t\u00e9cnica | Christiani\",\"isPartOf\":{\"@id\":\"https:\/\/www.christiani-international.com\/cms\/#website\"},\"primaryImageOfPage\":{\"@id\":\"https:\/\/www.christiani-international.com\/cms\/es\/software-de-simulacion-para-la-formacion-profesional\/#primaryimage\"},\"image\":{\"@id\":\"https:\/\/www.christiani-international.com\/cms\/es\/software-de-simulacion-para-la-formacion-profesional\/#primaryimage\"},\"thumbnailUrl\":\"https:\/\/www.christiani-international.com\/cms\/wp-content\/uploads\/2021\/09\/34701_400x301engl.jpg\",\"datePublished\":\"2024-07-31T12:04:02+00:00\",\"dateModified\":\"2024-07-31T12:04:04+00:00\",\"description\":\"Los productos de software de simulaci\u00f3n de Christiani permiten a los aprendices probar la teor\u00eda y, al mismo tiempo, acercarse a la pr\u00e1ctica.\",\"breadcrumb\":{\"@id\":\"https:\/\/www.christiani-international.com\/cms\/es\/software-de-simulacion-para-la-formacion-profesional\/#breadcrumb\"},\"inLanguage\":\"es\",\"potentialAction\":[{\"@type\":\"ReadAction\",\"target\":[\"https:\/\/www.christiani-international.com\/cms\/es\/software-de-simulacion-para-la-formacion-profesional\/\"]}]},{\"@type\":\"ImageObject\",\"inLanguage\":\"es\",\"@id\":\"https:\/\/www.christiani-international.com\/cms\/es\/software-de-simulacion-para-la-formacion-profesional\/#primaryimage\",\"url\":\"https:\/\/www.christiani-international.com\/cms\/wp-content\/uploads\/2021\/09\/34701_400x301engl.jpg\",\"contentUrl\":\"https:\/\/www.christiani-international.com\/cms\/wp-content\/uploads\/2021\/09\/34701_400x301engl.jpg\"},{\"@type\":\"BreadcrumbList\",\"@id\":\"https:\/\/www.christiani-international.com\/cms\/es\/software-de-simulacion-para-la-formacion-profesional\/#breadcrumb\",\"itemListElement\":[{\"@type\":\"ListItem\",\"position\":1,\"name\":\"christiani-international.com\",\"item\":\"https:\/\/www.christiani-international.com\/\"},{\"@type\":\"ListItem\",\"position\":2,\"name\":\"Software de simulaci\u00f3n para la formaci\u00f3n profesional\"}]},{\"@type\":\"WebSite\",\"@id\":\"https:\/\/www.christiani-international.com\/cms\/#website\",\"url\":\"https:\/\/www.christiani-international.com\/cms\/\",\"name\":\"Christiani International\",\"description\":\"Eine weitere WordPress-Website\",\"potentialAction\":[{\"@type\":\"SearchAction\",\"target\":{\"@type\":\"EntryPoint\",\"urlTemplate\":\"https:\/\/www.christiani-international.com\/cms\/?s={search_term_string}\"},\"query-input\":\"required name=search_term_string\"}],\"inLanguage\":\"es\"}]}<\/script>\n<!-- \/ Yoast SEO plugin. -->","yoast_head_json":{"title":"Software de simulaci\u00f3n para formaci\u00f3n profesional t\u00e9cnica | Christiani","description":"Los productos de software de simulaci\u00f3n de Christiani permiten a los aprendices probar la teor\u00eda y, al mismo tiempo, acercarse a la pr\u00e1ctica.","robots":{"index":"index","follow":"follow","max-snippet":"max-snippet:-1","max-image-preview":"max-image-preview:large","max-video-preview":"max-video-preview:-1"},"canonical":"https:\/\/www.christiani-international.com\/cms\/es\/software-de-simulacion-para-la-formacion-profesional\/","og_locale":"es_ES","og_type":"article","og_title":"Software de simulaci\u00f3n para formaci\u00f3n profesional t\u00e9cnica | Christiani","og_description":"Los productos de software de simulaci\u00f3n de Christiani permiten a los aprendices probar la teor\u00eda y, al mismo tiempo, acercarse a la pr\u00e1ctica.","og_url":"https:\/\/www.christiani-international.com\/cms\/es\/software-de-simulacion-para-la-formacion-profesional\/","og_site_name":"Christiani International","article_modified_time":"2024-07-31T12:04:04+00:00","og_image":[{"url":"https:\/\/www.christiani-international.com\/cms\/wp-content\/uploads\/2021\/09\/34701_400x301engl.jpg"}],"twitter_card":"summary_large_image","twitter_misc":{"Tiempo de lectura":"17 minutos"},"schema":{"@context":"https:\/\/schema.org","@graph":[{"@type":"WebPage","@id":"https:\/\/www.christiani-international.com\/cms\/es\/software-de-simulacion-para-la-formacion-profesional\/","url":"https:\/\/www.christiani-international.com\/cms\/es\/software-de-simulacion-para-la-formacion-profesional\/","name":"Software de simulaci\u00f3n para formaci\u00f3n profesional t\u00e9cnica | Christiani","isPartOf":{"@id":"https:\/\/www.christiani-international.com\/cms\/#website"},"primaryImageOfPage":{"@id":"https:\/\/www.christiani-international.com\/cms\/es\/software-de-simulacion-para-la-formacion-profesional\/#primaryimage"},"image":{"@id":"https:\/\/www.christiani-international.com\/cms\/es\/software-de-simulacion-para-la-formacion-profesional\/#primaryimage"},"thumbnailUrl":"https:\/\/www.christiani-international.com\/cms\/wp-content\/uploads\/2021\/09\/34701_400x301engl.jpg","datePublished":"2024-07-31T12:04:02+00:00","dateModified":"2024-07-31T12:04:04+00:00","description":"Los productos de software de simulaci\u00f3n de Christiani permiten a los aprendices probar la teor\u00eda y, al mismo tiempo, acercarse a la pr\u00e1ctica.","breadcrumb":{"@id":"https:\/\/www.christiani-international.com\/cms\/es\/software-de-simulacion-para-la-formacion-profesional\/#breadcrumb"},"inLanguage":"es","potentialAction":[{"@type":"ReadAction","target":["https:\/\/www.christiani-international.com\/cms\/es\/software-de-simulacion-para-la-formacion-profesional\/"]}]},{"@type":"ImageObject","inLanguage":"es","@id":"https:\/\/www.christiani-international.com\/cms\/es\/software-de-simulacion-para-la-formacion-profesional\/#primaryimage","url":"https:\/\/www.christiani-international.com\/cms\/wp-content\/uploads\/2021\/09\/34701_400x301engl.jpg","contentUrl":"https:\/\/www.christiani-international.com\/cms\/wp-content\/uploads\/2021\/09\/34701_400x301engl.jpg"},{"@type":"BreadcrumbList","@id":"https:\/\/www.christiani-international.com\/cms\/es\/software-de-simulacion-para-la-formacion-profesional\/#breadcrumb","itemListElement":[{"@type":"ListItem","position":1,"name":"christiani-international.com","item":"https:\/\/www.christiani-international.com\/"},{"@type":"ListItem","position":2,"name":"Software de simulaci\u00f3n para la formaci\u00f3n profesional"}]},{"@type":"WebSite","@id":"https:\/\/www.christiani-international.com\/cms\/#website","url":"https:\/\/www.christiani-international.com\/cms\/","name":"Christiani International","description":"Eine weitere WordPress-Website","potentialAction":[{"@type":"SearchAction","target":{"@type":"EntryPoint","urlTemplate":"https:\/\/www.christiani-international.com\/cms\/?s={search_term_string}"},"query-input":"required name=search_term_string"}],"inLanguage":"es"}]}},"_links":{"self":[{"href":"https:\/\/www.christiani-international.com\/cms\/es\/wp-json\/wp\/v2\/pages\/11152","targetHints":{"allow":["GET"]}}],"collection":[{"href":"https:\/\/www.christiani-international.com\/cms\/es\/wp-json\/wp\/v2\/pages"}],"about":[{"href":"https:\/\/www.christiani-international.com\/cms\/es\/wp-json\/wp\/v2\/types\/page"}],"author":[{"embeddable":true,"href":"https:\/\/www.christiani-international.com\/cms\/es\/wp-json\/wp\/v2\/users\/4"}],"replies":[{"embeddable":true,"href":"https:\/\/www.christiani-international.com\/cms\/es\/wp-json\/wp\/v2\/comments?post=11152"}],"version-history":[{"count":3,"href":"https:\/\/www.christiani-international.com\/cms\/es\/wp-json\/wp\/v2\/pages\/11152\/revisions"}],"predecessor-version":[{"id":11172,"href":"https:\/\/www.christiani-international.com\/cms\/es\/wp-json\/wp\/v2\/pages\/11152\/revisions\/11172"}],"wp:attachment":[{"href":"https:\/\/www.christiani-international.com\/cms\/es\/wp-json\/wp\/v2\/media?parent=11152"}],"curies":[{"name":"wp","href":"https:\/\/api.w.org\/{rel}","templated":true}]}}