{"id":11129,"date":"2024-07-25T14:31:59","date_gmt":"2024-07-25T12:31:59","guid":{"rendered":"https:\/\/www.christiani-international.com\/cms\/socios-africa-subsahariana\/"},"modified":"2024-07-25T14:32:00","modified_gmt":"2024-07-25T12:32:00","slug":"socios-africa-subsahariana","status":"publish","type":"page","link":"https:\/\/www.christiani-international.com\/cms\/es\/socios-africa-subsahariana\/","title":{"rendered":"Socios \u00c1frica subsahariana"},"content":{"rendered":"<p><div class=\"fusion-fullwidth fullwidth-box fusion-builder-row-1 has-pattern-background has-mask-background gradient-container-1 nonhundred-percent-fullwidth non-hundred-percent-height-scrolling\" style=\"--awb-border-radius-top-left:0px;--awb-border-radius-top-right:0px;--awb-border-radius-bottom-right:0px;--awb-border-radius-bottom-left:0px;--awb-margin-top:0px;--awb-margin-bottom:40px;--awb-flex-wrap:wrap;\" ><div class=\"fusion-builder-row fusion-row\"><div class=\"fusion-layout-column fusion_builder_column fusion-builder-column-0 fusion_builder_column_1_1 1_1 fusion-one-full fusion-column-first fusion-column-last\" style=\"--awb-bg-size:cover;\"><div class=\"fusion-column-wrapper fusion-column-has-shadow fusion-flex-column-wrapper-legacy\"><div class=\"fusion-title title fusion-title-1 fusion-title-text fusion-title-size-one\"><h1 class=\"fusion-title-heading title-heading-left fusion-responsive-typography-calculated\" style=\"margin:0;--fontSize:36;line-height:1.39;\">Nuestros Socios Internacionales &#8211; \u00c1frica Subsahariana<\/h1><span class=\"awb-title-spacer\"><\/span><div class=\"title-sep-container\"><div class=\"title-sep sep-double sep-solid\" style=\"border-color:#e0dede;\"><\/div><\/div><\/div><div class=\"fusion-sep-clear\"><\/div><div class=\"fusion-separator fusion-clearfix\" style=\"float:left;margin-top:0px;margin-bottom:30px;width:100%;max-width:120px;\"><div class=\"fusion-separator-border sep-single sep-solid\" style=\"--awb-height:20px;--awb-amount:20px;--awb-sep-color:var(--awb-color4);border-color:var(--awb-color4);border-top-width:2px;\"><\/div><\/div><div class=\"fusion-sep-clear\"><\/div><div class=\"fusion-text fusion-text-1\" style=\"--awb-font-size:24px;--awb-line-height:32px;\"><p>Aqu\u00ed puede encontrar nuestros socios regionales exclusivos.<br \/>\nTambi\u00e9n tenemos otros socios locales en muchos pa\u00edses.<br \/>\nP\u00f3ngase en contacto con el <a href=\"https:\/\/www.christiani-international.com\/cms\/contact-jamal\/\">Gerente Regional<\/a> de su regi\u00f3n para obtener m\u00e1s informaci\u00f3n.<\/p>\n<\/div><div class=\"fusion-sep-clear\"><\/div><div class=\"fusion-separator fusion-full-width-sep\" style=\"margin-left: auto;margin-right: auto;margin-top:0px;margin-bottom:30px;width:100%;\"><\/div><div class=\"fusion-sep-clear\"><\/div><div class=\"fusion-text fusion-text-2 service-contact-block\"><p><strong>Dr.-Ing. Paul Christiani GmbH &amp; Co. KG<\/strong> Hermann-Hesse-Weg 2 78464 Konstanz | Alemania E-mail: <a href=\"mailto:info@christiani-international.com\">info@christiani-international.com<\/a> tel\u00e9fono: <a href=\"+4975315801110\">+49 7531 5801-110<\/a> fax: <a href=\"+4975315801900\">+49 7531 5801-900<\/a><\/p>\n<\/div><div class=\"fusion-clearfix\"><\/div><\/div><\/div><\/div><\/div><div class=\"fusion-fullwidth fullwidth-box fusion-builder-row-2 fusion-flex-container has-pattern-background has-mask-background gradient-container-2 nonhundred-percent-fullwidth non-hundred-percent-height-scrolling\" style=\"--awb-border-radius-top-left:0px;--awb-border-radius-top-right:0px;--awb-border-radius-bottom-right:0px;--awb-border-radius-bottom-left:0px;--awb-flex-wrap:wrap;\" ><div class=\"fusion-builder-row fusion-row fusion-flex-align-items-stretch fusion-flex-content-wrap\" style=\"max-width:1216.8px;margin-left: calc(-4% \/ 2 );margin-right: calc(-4% \/ 2 );\"><div class=\"fusion-layout-column fusion_builder_column fusion-builder-column-1 fusion_builder_column_1_2 1_2 fusion-flex-column\" style=\"--awb-padding-top:7%;--awb-padding-right:7%;--awb-padding-bottom:7%;--awb-padding-left:7%;--awb-overflow:hidden;--awb-bg-color:var(--awb-color2);--awb-bg-color-hover:var(--awb-color2);--awb-bg-size:cover;--awb-border-radius:5px 5px 5px 5px;--awb-width-large:50%;--awb-margin-top-large:0px;--awb-spacing-right-large:3.84%;--awb-margin-bottom-large:40px;--awb-spacing-left-large:3.84%;--awb-width-medium:50%;--awb-order-medium:0;--awb-spacing-right-medium:3.84%;--awb-spacing-left-medium:3.84%;--awb-width-small:100%;--awb-order-small:0;--awb-spacing-right-small:1.92%;--awb-spacing-left-small:1.92%;\"><div class=\"fusion-column-wrapper fusion-column-has-shadow fusion-flex-justify-content-flex-start fusion-content-layout-column\"><div class=\"fusion-title title fusion-title-2 fusion-title-text fusion-title-size-three\" style=\"--awb-margin-bottom:20px;\"><div class=\"title-sep-container title-sep-container-left fusion-no-large-visibility fusion-no-medium-visibility fusion-no-small-visibility\"><div class=\"title-sep sep-double sep-solid\" style=\"border-color:#e0dede;\"><\/div><\/div><span class=\"awb-title-spacer fusion-no-large-visibility fusion-no-medium-visibility fusion-no-small-visibility\"><\/span><h3 class=\"fusion-title-heading title-heading-left fusion-responsive-typography-calculated\" style=\"margin:0;--fontSize:16;--minFontSize:16;line-height:1.44;\">Sud\u00e1frica<\/h3><span class=\"awb-title-spacer\"><\/span><div class=\"title-sep-container title-sep-container-right\"><div class=\"title-sep sep-double sep-solid\" style=\"border-color:#e0dede;\"><\/div><\/div><\/div><div class=\"fusion-separator fusion-full-width-sep\" style=\"align-self: center;margin-left: auto;margin-right: auto;margin-top:0px;margin-bottom:20px;width:100%;\"><div class=\"fusion-separator-border sep-single sep-solid\" style=\"--awb-height:20px;--awb-amount:20px;border-color:#e0dede;border-top-width:1px;\"><\/div><\/div><div class=\"fusion-text fusion-text-3\"><p><strong>Christiani Africa (Pty) Ltd.<\/strong> 90 Richards Drive, Midrand 1685 Johannesburgo  <\/p>\n<h4>Sr. Harald Fleischmann<\/h4>\n<p>  Correo electr\u00f3nico:<br \/>\n<a href=\"mailto:harald.fleischmann@christiani.de\">harald.fleischmann@christiani.de<\/a><strong>Campos<\/strong>: todos los campos<\/p>\n<\/div><\/div><\/div><div class=\"fusion-layout-column fusion_builder_column fusion-builder-column-2 fusion_builder_column_1_2 1_2 fusion-flex-column\" style=\"--awb-padding-top:7%;--awb-padding-right:7%;--awb-padding-bottom:7%;--awb-padding-left:7%;--awb-overflow:hidden;--awb-bg-color:var(--awb-color2);--awb-bg-color-hover:var(--awb-color2);--awb-bg-size:cover;--awb-border-radius:5px 5px 5px 5px;--awb-width-large:50%;--awb-margin-top-large:0px;--awb-spacing-right-large:3.84%;--awb-margin-bottom-large:40px;--awb-spacing-left-large:3.84%;--awb-width-medium:50%;--awb-order-medium:0;--awb-spacing-right-medium:3.84%;--awb-spacing-left-medium:3.84%;--awb-width-small:100%;--awb-order-small:0;--awb-spacing-right-small:1.92%;--awb-spacing-left-small:1.92%;\"><div class=\"fusion-column-wrapper fusion-column-has-shadow fusion-flex-justify-content-flex-start fusion-content-layout-column\"><div class=\"fusion-title title fusion-title-3 fusion-title-text fusion-title-size-three\" style=\"--awb-margin-bottom:20px;\"><div class=\"title-sep-container title-sep-container-left fusion-no-large-visibility fusion-no-medium-visibility fusion-no-small-visibility\"><div class=\"title-sep sep-double sep-solid\" style=\"border-color:#e0dede;\"><\/div><\/div><span class=\"awb-title-spacer fusion-no-large-visibility fusion-no-medium-visibility fusion-no-small-visibility\"><\/span><h3 class=\"fusion-title-heading title-heading-left fusion-responsive-typography-calculated\" style=\"margin:0;--fontSize:16;--minFontSize:16;line-height:1.44;\">Etiop\u00eda<\/h3><span class=\"awb-title-spacer\"><\/span><div class=\"title-sep-container title-sep-container-right\"><div class=\"title-sep sep-double sep-solid\" style=\"border-color:#e0dede;\"><\/div><\/div><\/div><div class=\"fusion-separator fusion-full-width-sep\" style=\"align-self: center;margin-left: auto;margin-right: auto;margin-top:0px;margin-bottom:20px;width:100%;\"><div class=\"fusion-separator-border sep-single sep-solid\" style=\"--awb-height:20px;--awb-amount:20px;border-color:#e0dede;border-top-width:1px;\"><\/div><\/div><div class=\"fusion-text fusion-text-4\"><p><strong>MAZIV Ingenier\u00eda Plc.<\/strong>  Armada Subcity Churchil road, Mk Building 102 Addis Abeba  <\/p>\n<h4>Sr. Michael Yimer y Sr. Agostino Siccardi<\/h4>\n<p>  Tel\u00e9fono:<br \/>\n<a href=\"tel:+251963828282\">+251963828282<\/a> Correo electr\u00f3nico:<br \/>\n<a href=\"mailto:mickyyimer@gmail.com\">mickyyimer@gmail.com<\/a> Correo electr\u00f3nico:<br \/>\n<a href=\"mailto:agostinosiccardi@gmail.com\">agostinosiccardi@gmail.com<\/a><strong>Campos<\/strong>: todos los campos<\/p>\n<\/div><\/div><\/div><\/div><\/div><\/p>\n","protected":false},"excerpt":{"rendered":"","protected":false},"author":1,"featured_media":0,"parent":0,"menu_order":0,"comment_status":"closed","ping_status":"closed","template":"","meta":{"inline_featured_image":false,"footnotes":""},"class_list":["post-11129","page","type-page","status-publish","hentry"],"yoast_head":"<!-- This site is optimized with the Yoast SEO plugin v23.3 - https:\/\/yoast.com\/wordpress\/plugins\/seo\/ -->\n<title>Socios \u00c1frica subsahariana - Christiani International<\/title>\n<meta name=\"robots\" content=\"index, follow, max-snippet:-1, max-image-preview:large, max-video-preview:-1\" \/>\n<link rel=\"canonical\" href=\"https:\/\/www.christiani-international.com\/cms\/es\/socios-africa-subsahariana\/\" \/>\n<meta property=\"og:locale\" content=\"es_ES\" \/>\n<meta property=\"og:type\" content=\"article\" \/>\n<meta property=\"og:title\" content=\"Socios \u00c1frica subsahariana - Christiani International\" \/>\n<meta property=\"og:url\" content=\"https:\/\/www.christiani-international.com\/cms\/es\/socios-africa-subsahariana\/\" \/>\n<meta property=\"og:site_name\" content=\"Christiani International\" \/>\n<meta property=\"article:modified_time\" content=\"2024-07-25T12:32:00+00:00\" \/>\n<meta name=\"twitter:card\" content=\"summary_large_image\" \/>\n<meta name=\"twitter:label1\" content=\"Tiempo de lectura\" \/>\n\t<meta name=\"twitter:data1\" content=\"16 minutos\" \/>\n<script type=\"application\/ld+json\" class=\"yoast-schema-graph\">{\"@context\":\"https:\/\/schema.org\",\"@graph\":[{\"@type\":\"WebPage\",\"@id\":\"https:\/\/www.christiani-international.com\/cms\/es\/socios-africa-subsahariana\/\",\"url\":\"https:\/\/www.christiani-international.com\/cms\/es\/socios-africa-subsahariana\/\",\"name\":\"Socios \u00c1frica subsahariana - Christiani International\",\"isPartOf\":{\"@id\":\"https:\/\/www.christiani-international.com\/cms\/#website\"},\"datePublished\":\"2024-07-25T12:31:59+00:00\",\"dateModified\":\"2024-07-25T12:32:00+00:00\",\"breadcrumb\":{\"@id\":\"https:\/\/www.christiani-international.com\/cms\/es\/socios-africa-subsahariana\/#breadcrumb\"},\"inLanguage\":\"es\",\"potentialAction\":[{\"@type\":\"ReadAction\",\"target\":[\"https:\/\/www.christiani-international.com\/cms\/es\/socios-africa-subsahariana\/\"]}]},{\"@type\":\"BreadcrumbList\",\"@id\":\"https:\/\/www.christiani-international.com\/cms\/es\/socios-africa-subsahariana\/#breadcrumb\",\"itemListElement\":[{\"@type\":\"ListItem\",\"position\":1,\"name\":\"christiani-international.com\",\"item\":\"https:\/\/www.christiani-international.com\/\"},{\"@type\":\"ListItem\",\"position\":2,\"name\":\"Socios \u00c1frica subsahariana\"}]},{\"@type\":\"WebSite\",\"@id\":\"https:\/\/www.christiani-international.com\/cms\/#website\",\"url\":\"https:\/\/www.christiani-international.com\/cms\/\",\"name\":\"Christiani International\",\"description\":\"Eine weitere WordPress-Website\",\"potentialAction\":[{\"@type\":\"SearchAction\",\"target\":{\"@type\":\"EntryPoint\",\"urlTemplate\":\"https:\/\/www.christiani-international.com\/cms\/?s={search_term_string}\"},\"query-input\":\"required name=search_term_string\"}],\"inLanguage\":\"es\"}]}<\/script>\n<!-- \/ Yoast SEO plugin. -->","yoast_head_json":{"title":"Socios \u00c1frica subsahariana - Christiani International","robots":{"index":"index","follow":"follow","max-snippet":"max-snippet:-1","max-image-preview":"max-image-preview:large","max-video-preview":"max-video-preview:-1"},"canonical":"https:\/\/www.christiani-international.com\/cms\/es\/socios-africa-subsahariana\/","og_locale":"es_ES","og_type":"article","og_title":"Socios \u00c1frica subsahariana - Christiani International","og_url":"https:\/\/www.christiani-international.com\/cms\/es\/socios-africa-subsahariana\/","og_site_name":"Christiani International","article_modified_time":"2024-07-25T12:32:00+00:00","twitter_card":"summary_large_image","twitter_misc":{"Tiempo de lectura":"16 minutos"},"schema":{"@context":"https:\/\/schema.org","@graph":[{"@type":"WebPage","@id":"https:\/\/www.christiani-international.com\/cms\/es\/socios-africa-subsahariana\/","url":"https:\/\/www.christiani-international.com\/cms\/es\/socios-africa-subsahariana\/","name":"Socios \u00c1frica subsahariana - Christiani International","isPartOf":{"@id":"https:\/\/www.christiani-international.com\/cms\/#website"},"datePublished":"2024-07-25T12:31:59+00:00","dateModified":"2024-07-25T12:32:00+00:00","breadcrumb":{"@id":"https:\/\/www.christiani-international.com\/cms\/es\/socios-africa-subsahariana\/#breadcrumb"},"inLanguage":"es","potentialAction":[{"@type":"ReadAction","target":["https:\/\/www.christiani-international.com\/cms\/es\/socios-africa-subsahariana\/"]}]},{"@type":"BreadcrumbList","@id":"https:\/\/www.christiani-international.com\/cms\/es\/socios-africa-subsahariana\/#breadcrumb","itemListElement":[{"@type":"ListItem","position":1,"name":"christiani-international.com","item":"https:\/\/www.christiani-international.com\/"},{"@type":"ListItem","position":2,"name":"Socios \u00c1frica subsahariana"}]},{"@type":"WebSite","@id":"https:\/\/www.christiani-international.com\/cms\/#website","url":"https:\/\/www.christiani-international.com\/cms\/","name":"Christiani International","description":"Eine weitere WordPress-Website","potentialAction":[{"@type":"SearchAction","target":{"@type":"EntryPoint","urlTemplate":"https:\/\/www.christiani-international.com\/cms\/?s={search_term_string}"},"query-input":"required name=search_term_string"}],"inLanguage":"es"}]}},"_links":{"self":[{"href":"https:\/\/www.christiani-international.com\/cms\/es\/wp-json\/wp\/v2\/pages\/11129","targetHints":{"allow":["GET"]}}],"collection":[{"href":"https:\/\/www.christiani-international.com\/cms\/es\/wp-json\/wp\/v2\/pages"}],"about":[{"href":"https:\/\/www.christiani-international.com\/cms\/es\/wp-json\/wp\/v2\/types\/page"}],"author":[{"embeddable":true,"href":"https:\/\/www.christiani-international.com\/cms\/es\/wp-json\/wp\/v2\/users\/1"}],"replies":[{"embeddable":true,"href":"https:\/\/www.christiani-international.com\/cms\/es\/wp-json\/wp\/v2\/comments?post=11129"}],"version-history":[{"count":1,"href":"https:\/\/www.christiani-international.com\/cms\/es\/wp-json\/wp\/v2\/pages\/11129\/revisions"}],"predecessor-version":[{"id":11135,"href":"https:\/\/www.christiani-international.com\/cms\/es\/wp-json\/wp\/v2\/pages\/11129\/revisions\/11135"}],"wp:attachment":[{"href":"https:\/\/www.christiani-international.com\/cms\/es\/wp-json\/wp\/v2\/media?parent=11129"}],"curies":[{"name":"wp","href":"https:\/\/api.w.org\/{rel}","templated":true}]}}