{"id":11070,"date":"2024-07-25T14:31:53","date_gmt":"2024-07-25T12:31:53","guid":{"rendered":"https:\/\/www.christiani-international.com\/cms\/filial-en-china-christiani-education-technology-guangzhou-co-ltd\/"},"modified":"2024-07-25T14:32:01","modified_gmt":"2024-07-25T12:32:01","slug":"filial-en-china-christiani-education-technology-guangzhou-co-ltd","status":"publish","type":"page","link":"https:\/\/www.christiani-international.com\/cms\/es\/filial-en-china-christiani-education-technology-guangzhou-co-ltd\/","title":{"rendered":"Filial en China &#8211; Christiani Education Technology (Guangzhou) Co. Ltd."},"content":{"rendered":"<div class=\"fusion-fullwidth fullwidth-box fusion-builder-row-1 has-pattern-background has-mask-background gradient-container-1 nonhundred-percent-fullwidth non-hundred-percent-height-scrolling\" style=\"--awb-border-radius-top-left:0px;--awb-border-radius-top-right:0px;--awb-border-radius-bottom-right:0px;--awb-border-radius-bottom-left:0px;--awb-flex-wrap:wrap;\" ><div class=\"fusion-builder-row fusion-row\"><div class=\"fusion-layout-column fusion_builder_column fusion-builder-column-0 fusion_builder_column_1_1 1_1 fusion-one-full fusion-column-first fusion-column-last\" style=\"--awb-bg-size:cover;\"><div class=\"fusion-column-wrapper fusion-column-has-shadow fusion-flex-column-wrapper-legacy\"><div class=\"fusion-image-element in-legacy-container\" style=\"--awb-caption-title-font-family:var(--h2_typography-font-family);--awb-caption-title-font-weight:var(--h2_typography-font-weight);--awb-caption-title-font-style:var(--h2_typography-font-style);--awb-caption-title-size:var(--h2_typography-font-size);--awb-caption-title-transform:var(--h2_typography-text-transform);--awb-caption-title-line-height:var(--h2_typography-line-height);--awb-caption-title-letter-spacing:var(--h2_typography-letter-spacing);\"><span class=\" fusion-imageframe imageframe-none imageframe-1 hover-type-none\"><img decoding=\"async\" width=\"1300\" height=\"260\" title=\"Header Banner subsidiary China 1300&#215;260\" src=\"https:\/\/www.christiani-international.com\/cms\/wp-content\/uploads\/2024\/04\/Header-Banner-subsidiary-China-1300x260-1.jpg\" alt class=\"img-responsive wp-image-10204\" srcset=\"https:\/\/www.christiani-international.com\/cms\/wp-content\/uploads\/2024\/04\/Header-Banner-subsidiary-China-1300x260-1-200x40.jpg 200w, https:\/\/www.christiani-international.com\/cms\/wp-content\/uploads\/2024\/04\/Header-Banner-subsidiary-China-1300x260-1-400x80.jpg 400w, https:\/\/www.christiani-international.com\/cms\/wp-content\/uploads\/2024\/04\/Header-Banner-subsidiary-China-1300x260-1-600x120.jpg 600w, https:\/\/www.christiani-international.com\/cms\/wp-content\/uploads\/2024\/04\/Header-Banner-subsidiary-China-1300x260-1-800x160.jpg 800w, https:\/\/www.christiani-international.com\/cms\/wp-content\/uploads\/2024\/04\/Header-Banner-subsidiary-China-1300x260-1-1200x240.jpg 1200w, https:\/\/www.christiani-international.com\/cms\/wp-content\/uploads\/2024\/04\/Header-Banner-subsidiary-China-1300x260-1.jpg 1300w\" sizes=\"(max-width: 800px) 100vw, 1200px\" \/><\/span><\/div><div class=\"fusion-clearfix\"><\/div><\/div><\/div><div class=\"fusion-layout-column fusion_builder_column fusion-builder-column-1 fusion_builder_column_1_1 1_1 fusion-one-full fusion-column-first fusion-column-last\" style=\"--awb-bg-size:cover;\"><div class=\"fusion-column-wrapper fusion-column-has-shadow fusion-flex-column-wrapper-legacy\"><div class=\"fusion-title title fusion-title-1 fusion-title-text fusion-title-size-one\"><h1 class=\"fusion-title-heading title-heading-left fusion-responsive-typography-calculated\" style=\"margin:0;--fontSize:36;line-height:1.39;\">Bienvenido a Christiani Education Technology (Guangzhou) Co. Ltd.<\/h1><span class=\"awb-title-spacer\"><\/span><div class=\"title-sep-container\"><div class=\"title-sep sep-double sep-solid\" style=\"border-color:#e0dede;\"><\/div><\/div><\/div><div class=\"fusion-clearfix\"><\/div><\/div><\/div><div class=\"fusion-layout-column fusion_builder_column fusion-builder-column-2 fusion_builder_column_1_1 1_1 fusion-one-full fusion-column-first fusion-column-last\" style=\"--awb-bg-size:cover;\"><div class=\"fusion-column-wrapper fusion-column-has-shadow fusion-flex-column-wrapper-legacy\"><div class=\"fusion-text fusion-text-1\"><p>Tecnolog\u00eda de la Educaci\u00f3n Cristiana (Guangzhou) Co.<br \/>\nLtd. es el nombre de la nueva filial de Christiani en China.<br \/>\nGuangzhou es la tercera ciudad m\u00e1s grande de China y un centro comercial emergente.<br \/>\nCon su ubicaci\u00f3n en el r\u00edo Perla y su proximidad a Hong Kong, Guangzhou es una ciudad portuaria en crecimiento econ\u00f3mico.<br \/>\nChina, al igual que muchos otros pa\u00edses asi\u00e1ticos, ha experimentado un r\u00e1pido desarrollo en los \u00faltimos a\u00f1os, emergiendo como uno de los mercados clave de Christiani en la regi\u00f3n.<br \/>\nPara servir mejor a nuestros clientes, escuelas t\u00e9cnicas, universidades y empresas, establecimos una subsidiaria llamada Christiani Education Technology (Guangzhou) Co.<br \/>\nLtd. en Guangzhou en diciembre de 2021.<br \/>\nNuestro equipo altamente competente nos permite ofrecer productos y soluciones para la educaci\u00f3n t\u00e9cnica de acuerdo con los est\u00e1ndares alemanes.<br \/>\nEn China, nos centramos en ayudar a los clientes en la implementaci\u00f3n de sus laboratorios de formaci\u00f3n en \u00e1reas como la industria 4.0, la tecnolog\u00eda de automatizaci\u00f3n, la rob\u00f3tica y los veh\u00edculos el\u00e9ctricos.<br \/>\nEstas instalaciones de capacitaci\u00f3n tambi\u00e9n son utilizadas por el gobierno local para iniciativas de capacitaci\u00f3n p\u00fablica.<br \/>\nChina es un importante mercado internacional de ventas para los sistemas de ense\u00f1anza y aprendizaje de Christiani.<br \/>\nAdem\u00e1s de suministrar sistemas de ense\u00f1anza, Christiani tambi\u00e9n produce traducciones de materiales did\u00e1cticos para el mercado educativo chino.<br \/>\nEn el futuro, los productos se adaptar\u00e1n directamente in situ para el mercado asi\u00e1tico.<br \/>\nAdem\u00e1s, la nueva oficina garantizar\u00e1 que los clientes no solo sean abastecidos directamente, sino que tambi\u00e9n reciban soporte local.<br \/>\nEntre sus clientes se encuentran principalmente escuelas, escuelas de formaci\u00f3n profesional, universidades y agencias gubernamentales, as\u00ed como empresas alemanas que producen en China.<br \/>\nLa subsidiaria de Guangzhou est\u00e1 dirigida por Libin Liang como gerente general, quien cuenta con el apoyo de Lucia Cheng, una gerente experimentada.<br \/>\nAmbos han estado trabajando para Christiani en Asia durante muchos a\u00f1os.<\/p>\n<\/div><div class=\"fusion-clearfix\"><\/div><\/div><\/div><div class=\"fusion-layout-column fusion_builder_column fusion-builder-column-3 fusion_builder_column_1_2 1_2 fusion-one-half fusion-column-first\" style=\"--awb-bg-size:cover;width:50%;width:calc(50% - ( ( 4% ) * 0.5 ) );margin-right: 4%;\"><div class=\"fusion-column-wrapper fusion-column-has-shadow fusion-flex-column-wrapper-legacy\"><div class=\"fusion-title title fusion-title-2 fusion-title-text fusion-title-size-three\"><h3 class=\"fusion-title-heading title-heading-left fusion-responsive-typography-calculated\" style=\"margin:0;--fontSize:16;--minFontSize:16;line-height:1.44;\">Contacto<\/h3><span class=\"awb-title-spacer\"><\/span><div class=\"title-sep-container\"><div class=\"title-sep sep-double sep-solid\" style=\"border-color:#e0dede;\"><\/div><\/div><\/div><div class=\"fusion-text fusion-text-2\"><p><strong>Tecnolog\u00eda de la Educaci\u00f3n Cristiana (Guangzhou) Co. Ltd.<\/strong>  Centro Internacional de Negocios Lumina Sala 05, Piso 23, Edificio T1 No. 12 Qiaoguang West Road, Distrito de Yuexiu, Guangzhou Sr. Libin Liang y Sra. Lucia Cheng Tel\u00e9fono: <a href=\"Tel:+86%2018565547497\">+86 18565547497<\/a> Correo electr\u00f3nico: <a href=\"mailto:libin.liang@christiani.cn\">libin.liang@christiani.cn<\/a> y <a href=\"mailto:lei.cheng@christiani.cn\">lei.cheng@christiani.cn<\/a><\/p>\n<\/div><div class=\"fusion-clearfix\"><\/div><\/div><\/div><div class=\"fusion-layout-column fusion_builder_column fusion-builder-column-4 fusion_builder_column_1_2 1_2 fusion-one-half fusion-column-last\" style=\"--awb-bg-size:cover;width:50%;width:calc(50% - ( ( 4% ) * 0.5 ) );\"><div class=\"fusion-column-wrapper fusion-column-has-shadow fusion-flex-column-wrapper-legacy\"><div class=\"fusion-title title fusion-title-3 fusion-title-text fusion-title-size-three\"><h3 class=\"fusion-title-heading title-heading-left fusion-responsive-typography-calculated\" style=\"margin:0;--fontSize:16;--minFontSize:16;line-height:1.44;\">S\u00edguenos:<\/h3><span class=\"awb-title-spacer\"><\/span><div class=\"title-sep-container\"><div class=\"title-sep sep-double sep-solid\" style=\"border-color:#e0dede;\"><\/div><\/div><\/div><div class=\"fusion-image-element in-legacy-container\" style=\"--awb-caption-title-font-family:var(--h2_typography-font-family);--awb-caption-title-font-weight:var(--h2_typography-font-weight);--awb-caption-title-font-style:var(--h2_typography-font-style);--awb-caption-title-size:var(--h2_typography-font-size);--awb-caption-title-transform:var(--h2_typography-text-transform);--awb-caption-title-line-height:var(--h2_typography-line-height);--awb-caption-title-letter-spacing:var(--h2_typography-letter-spacing);\"><span class=\" fusion-imageframe imageframe-none imageframe-2 hover-type-none\"><a class=\"fusion-no-lightbox\" href=\"https:\/\/www.linkedin.com\/company\/%E5%AE%A2%E5%B0%BC%E6%95%99%E8%82%B2%E7%A7%91%E6%8A%80%EF%BC%88%E5%B9%BF%E5%B7%9E%EF%BC%89%E6%9C%89%E9%99%90%E8%B4%A3%E4%BB%BB%E5%85%AC%E5%8F%B8\/\" target=\"_blank\" aria-label=\"LinkedIn_logo\" rel=\"noopener noreferrer\"><img decoding=\"async\" width=\"121\" height=\"96\" src=\"https:\/\/www.christiani-international.com\/cms\/wp-content\/uploads\/2020\/10\/LinkedIn_logo.jpg\" alt class=\"img-responsive wp-image-6425\"\/><\/a><\/span><\/div><div class=\"fusion-clearfix\"><\/div><\/div><\/div><div class=\"fusion-layout-column fusion_builder_column fusion-builder-column-5 fusion_builder_column_1_1 1_1 fusion-one-full fusion-column-first fusion-column-last\" style=\"--awb-bg-size:cover;\"><div class=\"fusion-column-wrapper fusion-column-has-shadow fusion-flex-column-wrapper-legacy\"><div class=\"fusion-title title fusion-title-4 fusion-title-text fusion-title-size-two\"><h2 class=\"fusion-title-heading title-heading-left fusion-responsive-typography-calculated\" style=\"margin:0;--fontSize:22;line-height:1.41;\">Chistiani visita su filial en 2023<\/h2><span class=\"awb-title-spacer\"><\/span><div class=\"title-sep-container\"><div class=\"title-sep sep-double sep-solid\" style=\"border-color:#e0dede;\"><\/div><\/div><\/div><div class=\"fusion-image-carousel fusion-image-carousel-auto fusion-image-carousel-1 lightbox-enabled fusion-carousel-border\"><div class=\"awb-carousel awb-swiper awb-swiper-carousel\" data-autoplay=\"no\" data-columns=\"5\" data-itemmargin=\"13\" data-itemwidth=\"180\" data-touchscroll=\"no\" data-imagesize=\"auto\"><div class=\"swiper-wrapper awb-image-carousel-wrapper fusion-flex-align-items-center\"><div class=\"swiper-slide\"><div class=\"fusion-carousel-item-wrapper\"><div class=\"fusion-image-wrapper hover-type-none\"><a data-rel=\"iLightbox[image_carousel_1]\" data-title=\"Sino-German Exchange Conference Guanghzhou 11-21-2023_2\" aria-label=\"Sino-German Exchange Conference Guanghzhou 11-21-2023_2\" href=\"https:\/\/www.christiani-international.com\/cms\/wp-content\/uploads\/2023\/12\/Sino-German-Exchange-Conference-Guanghzhou-11-21-2023_2.jpg\" target=\"_self\"><img decoding=\"async\" width=\"1600\" height=\"906\" src=\"https:\/\/www.christiani-international.com\/cms\/wp-content\/uploads\/2023\/12\/Sino-German-Exchange-Conference-Guanghzhou-11-21-2023_2.jpg\" class=\"attachment-full size-full\" alt=\"\" srcset=\"https:\/\/www.christiani-international.com\/cms\/wp-content\/uploads\/2023\/12\/Sino-German-Exchange-Conference-Guanghzhou-11-21-2023_2-200x113.jpg 200w, https:\/\/www.christiani-international.com\/cms\/wp-content\/uploads\/2023\/12\/Sino-German-Exchange-Conference-Guanghzhou-11-21-2023_2-400x227.jpg 400w, https:\/\/www.christiani-international.com\/cms\/wp-content\/uploads\/2023\/12\/Sino-German-Exchange-Conference-Guanghzhou-11-21-2023_2-600x340.jpg 600w, https:\/\/www.christiani-international.com\/cms\/wp-content\/uploads\/2023\/12\/Sino-German-Exchange-Conference-Guanghzhou-11-21-2023_2-800x453.jpg 800w, https:\/\/www.christiani-international.com\/cms\/wp-content\/uploads\/2023\/12\/Sino-German-Exchange-Conference-Guanghzhou-11-21-2023_2-1200x680.jpg 1200w, https:\/\/www.christiani-international.com\/cms\/wp-content\/uploads\/2023\/12\/Sino-German-Exchange-Conference-Guanghzhou-11-21-2023_2.jpg 1600w\" sizes=\"(min-width: 2200px) 100vw, (min-width: 856px) 283px, (min-width: 784px) 377px, (min-width: 712px) 566px, (min-width: 640px) 712px, \" \/><\/a><\/div><\/div><\/div><div class=\"swiper-slide\"><div class=\"fusion-carousel-item-wrapper\"><div class=\"fusion-image-wrapper hover-type-none\"><a data-rel=\"iLightbox[image_carousel_1]\" data-title=\"Sino-German Exchange Conference Guanghzhou 11-21-2023_5\" aria-label=\"Sino-German Exchange Conference Guanghzhou 11-21-2023_5\" href=\"https:\/\/www.christiani-international.com\/cms\/wp-content\/uploads\/2023\/12\/Sino-German-Exchange-Conference-Guanghzhou-11-21-2023_5.jpg\" target=\"_self\"><img decoding=\"async\" width=\"1600\" height=\"1067\" src=\"https:\/\/www.christiani-international.com\/cms\/wp-content\/uploads\/2023\/12\/Sino-German-Exchange-Conference-Guanghzhou-11-21-2023_5.jpg\" class=\"attachment-full size-full\" alt=\"\" srcset=\"https:\/\/www.christiani-international.com\/cms\/wp-content\/uploads\/2023\/12\/Sino-German-Exchange-Conference-Guanghzhou-11-21-2023_5-200x133.jpg 200w, https:\/\/www.christiani-international.com\/cms\/wp-content\/uploads\/2023\/12\/Sino-German-Exchange-Conference-Guanghzhou-11-21-2023_5-400x267.jpg 400w, https:\/\/www.christiani-international.com\/cms\/wp-content\/uploads\/2023\/12\/Sino-German-Exchange-Conference-Guanghzhou-11-21-2023_5-600x400.jpg 600w, https:\/\/www.christiani-international.com\/cms\/wp-content\/uploads\/2023\/12\/Sino-German-Exchange-Conference-Guanghzhou-11-21-2023_5-800x534.jpg 800w, https:\/\/www.christiani-international.com\/cms\/wp-content\/uploads\/2023\/12\/Sino-German-Exchange-Conference-Guanghzhou-11-21-2023_5-1200x800.jpg 1200w, https:\/\/www.christiani-international.com\/cms\/wp-content\/uploads\/2023\/12\/Sino-German-Exchange-Conference-Guanghzhou-11-21-2023_5.jpg 1600w\" sizes=\"(min-width: 2200px) 100vw, (min-width: 856px) 283px, (min-width: 784px) 377px, (min-width: 712px) 566px, (min-width: 640px) 712px, \" \/><\/a><\/div><\/div><\/div><div class=\"swiper-slide\"><div class=\"fusion-carousel-item-wrapper\"><div class=\"fusion-image-wrapper hover-type-none\"><a data-rel=\"iLightbox[image_carousel_1]\" data-title=\"Sino-German Exchange Conference Guanghzhou 11-21-2023_3\" aria-label=\"Sino-German Exchange Conference Guanghzhou 11-21-2023_3\" href=\"https:\/\/www.christiani-international.com\/cms\/wp-content\/uploads\/2023\/12\/Sino-German-Exchange-Conference-Guanghzhou-11-21-2023_3.jpg\" target=\"_self\"><img decoding=\"async\" width=\"1600\" height=\"1067\" src=\"https:\/\/www.christiani-international.com\/cms\/wp-content\/uploads\/2023\/12\/Sino-German-Exchange-Conference-Guanghzhou-11-21-2023_3.jpg\" class=\"attachment-full size-full\" alt=\"\" srcset=\"https:\/\/www.christiani-international.com\/cms\/wp-content\/uploads\/2023\/12\/Sino-German-Exchange-Conference-Guanghzhou-11-21-2023_3-200x133.jpg 200w, https:\/\/www.christiani-international.com\/cms\/wp-content\/uploads\/2023\/12\/Sino-German-Exchange-Conference-Guanghzhou-11-21-2023_3-400x267.jpg 400w, https:\/\/www.christiani-international.com\/cms\/wp-content\/uploads\/2023\/12\/Sino-German-Exchange-Conference-Guanghzhou-11-21-2023_3-600x400.jpg 600w, https:\/\/www.christiani-international.com\/cms\/wp-content\/uploads\/2023\/12\/Sino-German-Exchange-Conference-Guanghzhou-11-21-2023_3-800x534.jpg 800w, https:\/\/www.christiani-international.com\/cms\/wp-content\/uploads\/2023\/12\/Sino-German-Exchange-Conference-Guanghzhou-11-21-2023_3-1200x800.jpg 1200w, https:\/\/www.christiani-international.com\/cms\/wp-content\/uploads\/2023\/12\/Sino-German-Exchange-Conference-Guanghzhou-11-21-2023_3.jpg 1600w\" sizes=\"(min-width: 2200px) 100vw, (min-width: 856px) 283px, (min-width: 784px) 377px, (min-width: 712px) 566px, (min-width: 640px) 712px, \" \/><\/a><\/div><\/div><\/div><div class=\"swiper-slide\"><div class=\"fusion-carousel-item-wrapper\"><div class=\"fusion-image-wrapper hover-type-none\"><a data-rel=\"iLightbox[image_carousel_1]\" data-title=\"Shenzhen Institute of Technology 11-17-2023_2\" aria-label=\"Shenzhen Institute of Technology 11-17-2023_2\" href=\"https:\/\/www.christiani-international.com\/cms\/wp-content\/uploads\/2023\/12\/Shenzhen-Institute-of-Technology-11-17-2023_2-1.jpg\" target=\"_self\"><img decoding=\"async\" width=\"1600\" height=\"1068\" src=\"https:\/\/www.christiani-international.com\/cms\/wp-content\/uploads\/2023\/12\/Shenzhen-Institute-of-Technology-11-17-2023_2-1.jpg\" class=\"attachment-full size-full\" alt=\"\" srcset=\"https:\/\/www.christiani-international.com\/cms\/wp-content\/uploads\/2023\/12\/Shenzhen-Institute-of-Technology-11-17-2023_2-1-200x134.jpg 200w, https:\/\/www.christiani-international.com\/cms\/wp-content\/uploads\/2023\/12\/Shenzhen-Institute-of-Technology-11-17-2023_2-1-400x267.jpg 400w, https:\/\/www.christiani-international.com\/cms\/wp-content\/uploads\/2023\/12\/Shenzhen-Institute-of-Technology-11-17-2023_2-1-600x401.jpg 600w, https:\/\/www.christiani-international.com\/cms\/wp-content\/uploads\/2023\/12\/Shenzhen-Institute-of-Technology-11-17-2023_2-1-800x534.jpg 800w, https:\/\/www.christiani-international.com\/cms\/wp-content\/uploads\/2023\/12\/Shenzhen-Institute-of-Technology-11-17-2023_2-1-1200x801.jpg 1200w, https:\/\/www.christiani-international.com\/cms\/wp-content\/uploads\/2023\/12\/Shenzhen-Institute-of-Technology-11-17-2023_2-1.jpg 1600w\" sizes=\"(min-width: 2200px) 100vw, (min-width: 856px) 283px, (min-width: 784px) 377px, (min-width: 712px) 566px, (min-width: 640px) 712px, \" \/><\/a><\/div><\/div><\/div><\/div><div class=\"awb-swiper-button awb-swiper-button-prev\"><i class=\"awb-icon-angle-left\" aria-hidden=\"true\"><\/i><\/div><div class=\"awb-swiper-button awb-swiper-button-next\"><i class=\"awb-icon-angle-right\" aria-hidden=\"true\"><\/i><\/div><\/div><\/div><div class=\"fusion-clearfix\"><\/div><\/div><\/div><\/div><\/div>\n","protected":false},"excerpt":{"rendered":"","protected":false},"author":10,"featured_media":0,"parent":0,"menu_order":0,"comment_status":"closed","ping_status":"closed","template":"","meta":{"inline_featured_image":false,"footnotes":""},"class_list":["post-11070","page","type-page","status-publish","hentry"],"yoast_head":"<!-- This site is optimized with the Yoast SEO plugin v23.3 - https:\/\/yoast.com\/wordpress\/plugins\/seo\/ -->\n<title>Filial en China - Christiani Education Technology (Guangzhou) Co. Ltd. - Christiani International<\/title>\n<meta name=\"robots\" content=\"index, follow, max-snippet:-1, max-image-preview:large, max-video-preview:-1\" \/>\n<link rel=\"canonical\" href=\"https:\/\/www.christiani-international.com\/cms\/es\/filial-en-china-christiani-education-technology-guangzhou-co-ltd\/\" \/>\n<meta property=\"og:locale\" content=\"es_ES\" \/>\n<meta property=\"og:type\" content=\"article\" \/>\n<meta property=\"og:title\" content=\"Filial en China - Christiani Education Technology (Guangzhou) Co. Ltd. - Christiani International\" \/>\n<meta property=\"og:url\" content=\"https:\/\/www.christiani-international.com\/cms\/es\/filial-en-china-christiani-education-technology-guangzhou-co-ltd\/\" \/>\n<meta property=\"og:site_name\" content=\"Christiani International\" \/>\n<meta property=\"article:modified_time\" content=\"2024-07-25T12:32:01+00:00\" \/>\n<meta name=\"twitter:card\" content=\"summary_large_image\" \/>\n<meta name=\"twitter:label1\" content=\"Tiempo de lectura\" \/>\n\t<meta name=\"twitter:data1\" content=\"27 minutos\" \/>\n<script type=\"application\/ld+json\" class=\"yoast-schema-graph\">{\"@context\":\"https:\/\/schema.org\",\"@graph\":[{\"@type\":\"WebPage\",\"@id\":\"https:\/\/www.christiani-international.com\/cms\/es\/filial-en-china-christiani-education-technology-guangzhou-co-ltd\/\",\"url\":\"https:\/\/www.christiani-international.com\/cms\/es\/filial-en-china-christiani-education-technology-guangzhou-co-ltd\/\",\"name\":\"Filial en China - Christiani Education Technology (Guangzhou) Co. Ltd. - Christiani International\",\"isPartOf\":{\"@id\":\"https:\/\/www.christiani-international.com\/cms\/#website\"},\"datePublished\":\"2024-07-25T12:31:53+00:00\",\"dateModified\":\"2024-07-25T12:32:01+00:00\",\"breadcrumb\":{\"@id\":\"https:\/\/www.christiani-international.com\/cms\/es\/filial-en-china-christiani-education-technology-guangzhou-co-ltd\/#breadcrumb\"},\"inLanguage\":\"es\",\"potentialAction\":[{\"@type\":\"ReadAction\",\"target\":[\"https:\/\/www.christiani-international.com\/cms\/es\/filial-en-china-christiani-education-technology-guangzhou-co-ltd\/\"]}]},{\"@type\":\"BreadcrumbList\",\"@id\":\"https:\/\/www.christiani-international.com\/cms\/es\/filial-en-china-christiani-education-technology-guangzhou-co-ltd\/#breadcrumb\",\"itemListElement\":[{\"@type\":\"ListItem\",\"position\":1,\"name\":\"christiani-international.com\",\"item\":\"https:\/\/www.christiani-international.com\/\"},{\"@type\":\"ListItem\",\"position\":2,\"name\":\"Filial en China &#8211; Christiani Education Technology (Guangzhou) Co. Ltd.\"}]},{\"@type\":\"WebSite\",\"@id\":\"https:\/\/www.christiani-international.com\/cms\/#website\",\"url\":\"https:\/\/www.christiani-international.com\/cms\/\",\"name\":\"Christiani International\",\"description\":\"Eine weitere WordPress-Website\",\"potentialAction\":[{\"@type\":\"SearchAction\",\"target\":{\"@type\":\"EntryPoint\",\"urlTemplate\":\"https:\/\/www.christiani-international.com\/cms\/?s={search_term_string}\"},\"query-input\":\"required name=search_term_string\"}],\"inLanguage\":\"es\"}]}<\/script>\n<!-- \/ Yoast SEO plugin. -->","yoast_head_json":{"title":"Filial en China - Christiani Education Technology (Guangzhou) Co. Ltd. - Christiani International","robots":{"index":"index","follow":"follow","max-snippet":"max-snippet:-1","max-image-preview":"max-image-preview:large","max-video-preview":"max-video-preview:-1"},"canonical":"https:\/\/www.christiani-international.com\/cms\/es\/filial-en-china-christiani-education-technology-guangzhou-co-ltd\/","og_locale":"es_ES","og_type":"article","og_title":"Filial en China - Christiani Education Technology (Guangzhou) Co. Ltd. - Christiani International","og_url":"https:\/\/www.christiani-international.com\/cms\/es\/filial-en-china-christiani-education-technology-guangzhou-co-ltd\/","og_site_name":"Christiani International","article_modified_time":"2024-07-25T12:32:01+00:00","twitter_card":"summary_large_image","twitter_misc":{"Tiempo de lectura":"27 minutos"},"schema":{"@context":"https:\/\/schema.org","@graph":[{"@type":"WebPage","@id":"https:\/\/www.christiani-international.com\/cms\/es\/filial-en-china-christiani-education-technology-guangzhou-co-ltd\/","url":"https:\/\/www.christiani-international.com\/cms\/es\/filial-en-china-christiani-education-technology-guangzhou-co-ltd\/","name":"Filial en China - Christiani Education Technology (Guangzhou) Co. Ltd. - Christiani International","isPartOf":{"@id":"https:\/\/www.christiani-international.com\/cms\/#website"},"datePublished":"2024-07-25T12:31:53+00:00","dateModified":"2024-07-25T12:32:01+00:00","breadcrumb":{"@id":"https:\/\/www.christiani-international.com\/cms\/es\/filial-en-china-christiani-education-technology-guangzhou-co-ltd\/#breadcrumb"},"inLanguage":"es","potentialAction":[{"@type":"ReadAction","target":["https:\/\/www.christiani-international.com\/cms\/es\/filial-en-china-christiani-education-technology-guangzhou-co-ltd\/"]}]},{"@type":"BreadcrumbList","@id":"https:\/\/www.christiani-international.com\/cms\/es\/filial-en-china-christiani-education-technology-guangzhou-co-ltd\/#breadcrumb","itemListElement":[{"@type":"ListItem","position":1,"name":"christiani-international.com","item":"https:\/\/www.christiani-international.com\/"},{"@type":"ListItem","position":2,"name":"Filial en China &#8211; Christiani Education Technology (Guangzhou) Co. Ltd."}]},{"@type":"WebSite","@id":"https:\/\/www.christiani-international.com\/cms\/#website","url":"https:\/\/www.christiani-international.com\/cms\/","name":"Christiani International","description":"Eine weitere WordPress-Website","potentialAction":[{"@type":"SearchAction","target":{"@type":"EntryPoint","urlTemplate":"https:\/\/www.christiani-international.com\/cms\/?s={search_term_string}"},"query-input":"required name=search_term_string"}],"inLanguage":"es"}]}},"_links":{"self":[{"href":"https:\/\/www.christiani-international.com\/cms\/es\/wp-json\/wp\/v2\/pages\/11070","targetHints":{"allow":["GET"]}}],"collection":[{"href":"https:\/\/www.christiani-international.com\/cms\/es\/wp-json\/wp\/v2\/pages"}],"about":[{"href":"https:\/\/www.christiani-international.com\/cms\/es\/wp-json\/wp\/v2\/types\/page"}],"author":[{"embeddable":true,"href":"https:\/\/www.christiani-international.com\/cms\/es\/wp-json\/wp\/v2\/users\/10"}],"replies":[{"embeddable":true,"href":"https:\/\/www.christiani-international.com\/cms\/es\/wp-json\/wp\/v2\/comments?post=11070"}],"version-history":[{"count":11,"href":"https:\/\/www.christiani-international.com\/cms\/es\/wp-json\/wp\/v2\/pages\/11070\/revisions"}],"predecessor-version":[{"id":11137,"href":"https:\/\/www.christiani-international.com\/cms\/es\/wp-json\/wp\/v2\/pages\/11070\/revisions\/11137"}],"wp:attachment":[{"href":"https:\/\/www.christiani-international.com\/cms\/es\/wp-json\/wp\/v2\/media?parent=11070"}],"curies":[{"name":"wp","href":"https:\/\/api.w.org\/{rel}","templated":true}]}}